{"id":1037,"date":"2021-11-18T12:59:35","date_gmt":"2021-11-18T11:59:35","guid":{"rendered":"https:\/\/www.caue19.fr\/news\/?page_id=1037"},"modified":"2022-03-07T13:11:35","modified_gmt":"2022-03-07T12:11:35","slug":"liens-utiles","status":"publish","type":"page","link":"https:\/\/www.caue19.fr\/news\/liens-utiles\/","title":{"rendered":"Liens utiles"},"content":{"rendered":"\n<p>Au gr\u00e9 de ses missions, le CAUE vous am\u00e8nera \u00e0 consulter et rencontrer des partenaires, dont l\u2019action peut se situer \u00e0 son amont ou \u00e0 son aval. Leurs comp\u00e9tences, compl\u00e9mentaires aux siennes, viendront enrichir, faciliter ou d\u00e9canter votre projet.<br>Que vous soyez repr\u00e9sentant d\u2019une collectivit\u00e9, professionnel, enseignant, porteur d\u2019un projet de construction, nous affichons ici notre r\u00e9seau de partenaires avec lesquels nous nous efforcerons au mieux de r\u00e9pondre \u00e0 vos demandes.<\/p>\n\n\n\n<p>Nous faisons figurer ici aussi des sites institutionnels, auxquels nous nous r\u00e9f\u00e9rons souvent, en esp\u00e9rant qu\u2019ils vous seront utiles.<\/p>\n\n\n\n<div class=\"wp-block-media-text alignwide is-stacked-on-mobile no-border-acide\" style=\"grid-template-columns:15% auto\"><figure class=\"wp-block-media-text__media\"><img loading=\"lazy\" width=\"242\" height=\"124\" src=\"https:\/\/www.caue19.fr\/news\/wp-content\/uploads\/2022\/02\/logo-fncaue-bas-2017.png\" alt=\"\" class=\"wp-image-1791 size-medium\"\/><\/figure><div class=\"wp-block-media-text__content\">\n<p class=\"has-medium-font-size\">La F\u00e9d\u00e9ration nationale des CAUE<\/p>\n\n\n\n<p><a href=\"https:\/\/www.fncaue.com\">www.fncaue.com<\/a><\/p>\n<\/div><\/div>\n\n\n\n<div class=\"wp-block-media-text alignwide is-stacked-on-mobile no-border-acide\" style=\"grid-template-columns:15% auto\"><figure class=\"wp-block-media-text__media\"><img loading=\"lazy\" width=\"300\" height=\"176\" src=\"https:\/\/www.caue19.fr\/news\/wp-content\/uploads\/2022\/02\/logo_URCAUENA-300x176.jpg\" alt=\"\" class=\"wp-image-1785 size-medium\" srcset=\"https:\/\/www.caue19.fr\/news\/wp-content\/uploads\/2022\/02\/logo_URCAUENA-300x176.jpg 300w, https:\/\/www.caue19.fr\/news\/wp-content\/uploads\/2022\/02\/logo_URCAUENA.jpg 323w\" sizes=\"(max-width: 300px) 100vw, 300px\" \/><\/figure><div class=\"wp-block-media-text__content\">\n<p class=\"has-medium-font-size\">Union R\u00e9gionale des CAUE Nouvelle-Aquitaine<\/p>\n\n\n\n<p><a href=\"https:\/\/www.urcaue-na.fr\" target=\"_blank\" rel=\"noreferrer noopener\">www.urcaue-na.fr<\/a><\/p>\n<\/div><\/div>\n\n\n\n<div class=\"wp-block-media-text alignwide is-stacked-on-mobile no-border-acide\" style=\"grid-template-columns:15% auto\"><figure class=\"wp-block-media-text__media\"><img loading=\"lazy\" width=\"300\" height=\"139\" src=\"https:\/\/www.caue19.fr\/news\/wp-content\/uploads\/2021\/11\/logo_correze_le_departement_graisse-300x139.jpg\" alt=\"\" class=\"wp-image-1044 size-medium\" srcset=\"https:\/\/www.caue19.fr\/news\/wp-content\/uploads\/2021\/11\/logo_correze_le_departement_graisse-300x139.jpg 300w, https:\/\/www.caue19.fr\/news\/wp-content\/uploads\/2021\/11\/logo_correze_le_departement_graisse-600x278.jpg 600w, https:\/\/www.caue19.fr\/news\/wp-content\/uploads\/2021\/11\/logo_correze_le_departement_graisse.jpg 692w\" sizes=\"(max-width: 300px) 100vw, 300px\" \/><\/figure><div class=\"wp-block-media-text__content\">\n<p class=\"has-medium-font-size\">Conseil D\u00e9partemental de la Corr\u00e8ze<\/p>\n\n\n\n<p><a href=\"http:\/\/www.correze.fr\">www.corr\u00e8ze.fr<\/a><\/p>\n<\/div><\/div>\n\n\n\n<div class=\"wp-block-media-text alignwide is-stacked-on-mobile no-border-acide\" style=\"grid-template-columns:15% auto\"><figure class=\"wp-block-media-text__media\"><img loading=\"lazy\" width=\"119\" height=\"100\" src=\"https:\/\/www.caue19.fr\/news\/wp-content\/uploads\/2021\/11\/csm_19_logo_ed00338239.png\" alt=\"\" class=\"wp-image-1060 size-full\"\/><\/figure><div class=\"wp-block-media-text__content\">\n<p class=\"has-medium-font-size\">Agence D\u00e9partementale d\u2019Information sur le Logement<\/p>\n\n\n\n<p><a href=\"https:\/\/www.adil19.org\" target=\"_blank\" rel=\"noreferrer noopener\">www.adil19.org<\/a><\/p>\n<\/div><\/div>\n\n\n\n<div class=\"wp-block-media-text alignwide is-stacked-on-mobile no-border-acide\" style=\"grid-template-columns:15% auto\"><figure class=\"wp-block-media-text__media\"><img loading=\"lazy\" width=\"160\" height=\"119\" src=\"https:\/\/www.caue19.fr\/news\/wp-content\/uploads\/2021\/11\/en-Correze.jpg\" alt=\"\" class=\"wp-image-1065 size-full\"\/><\/figure><div class=\"wp-block-media-text__content\">\n<p class=\"has-medium-font-size\">Direction d\u00e9partementale des territoires (DDT)<\/p>\n\n\n\n<p><a href=\"https:\/\/www.correze.gouv.fr\/Services-de-l-Etat\/Direction-departementale-des-territoires-DDT\" target=\"_blank\" rel=\"noreferrer noopener\">www.correze.gouv.fr\/Services-de-l-Etat\/Direction-departementale-des-territoires-DDT<\/a><\/p>\n<\/div><\/div>\n\n\n\n<div class=\"wp-block-media-text alignwide is-stacked-on-mobile no-border-acide\" style=\"grid-template-columns:15% auto\"><figure class=\"wp-block-media-text__media\"><img loading=\"lazy\" width=\"300\" height=\"124\" src=\"https:\/\/www.caue19.fr\/news\/wp-content\/uploads\/2021\/11\/CAPEB-300x124.png\" alt=\"\" class=\"wp-image-1069 size-medium\" srcset=\"https:\/\/www.caue19.fr\/news\/wp-content\/uploads\/2021\/11\/CAPEB-300x124.png 300w, https:\/\/www.caue19.fr\/news\/wp-content\/uploads\/2021\/11\/CAPEB-1024x424.png 1024w, https:\/\/www.caue19.fr\/news\/wp-content\/uploads\/2021\/11\/CAPEB-768x318.png 768w, https:\/\/www.caue19.fr\/news\/wp-content\/uploads\/2021\/11\/CAPEB-1536x635.png 1536w, https:\/\/www.caue19.fr\/news\/wp-content\/uploads\/2021\/11\/CAPEB-600x248.png 600w, https:\/\/www.caue19.fr\/news\/wp-content\/uploads\/2021\/11\/CAPEB.png 1956w\" sizes=\"(max-width: 300px) 100vw, 300px\" \/><\/figure><div class=\"wp-block-media-text__content\">\n<p class=\"has-medium-font-size\">CAPEB Corr\u00e8ze<\/p>\n\n\n\n<p><a href=\"https:\/\/www.capeb.fr\/correze\" target=\"_blank\" rel=\"noreferrer noopener\">www.capeb.fr\/correze<\/a><\/p>\n<\/div><\/div>\n\n\n\n<div class=\"wp-block-media-text alignwide is-stacked-on-mobile no-border-acide\" style=\"grid-template-columns:15% auto\"><figure class=\"wp-block-media-text__media\"><img loading=\"lazy\" width=\"170\" height=\"231\" src=\"https:\/\/www.caue19.fr\/news\/wp-content\/uploads\/2022\/03\/PNR.png\" alt=\"\" class=\"wp-image-1817 size-medium\"\/><\/figure><div class=\"wp-block-media-text__content\">\n<p class=\"has-medium-font-size\">PNR de Millevaches<\/p>\n\n\n\n<p><a href=\"http:\/\/www.pnr-millevaches.fr\/\">www.pnr-millevaches.fr<\/a><\/p>\n<\/div><\/div>\n\n\n\n<div class=\"wp-block-media-text alignwide is-stacked-on-mobile no-border-acide\" style=\"grid-template-columns:15% auto\"><figure class=\"wp-block-media-text__media\"><img loading=\"lazy\" width=\"105\" height=\"135\" src=\"https:\/\/www.caue19.fr\/news\/wp-content\/uploads\/2022\/03\/cluster.png\" alt=\"\" class=\"wp-image-1819 size-medium\"\/><\/figure><div class=\"wp-block-media-text__content\">\n<p class=\"has-medium-font-size\">Cluster Eco Habitat<\/p>\n\n\n\n<p><a href=\"http:\/\/www.cluster-ecohabitat.fr\/site\/\">www.cluster-ecohabitat.fr\/site\/<\/a><\/p>\n<\/div><\/div>\n\n\n\n<div class=\"wp-block-media-text alignwide is-stacked-on-mobile no-border-acide\" style=\"grid-template-columns:15% auto\"><figure class=\"wp-block-media-text__media\"><img loading=\"lazy\" width=\"883\" height=\"760\" src=\"https:\/\/www.caue19.fr\/news\/wp-content\/uploads\/2022\/03\/mpf.jpg\" alt=\"\" class=\"wp-image-1821 size-medium\" srcset=\"https:\/\/www.caue19.fr\/news\/wp-content\/uploads\/2022\/03\/mpf.jpg 883w, https:\/\/www.caue19.fr\/news\/wp-content\/uploads\/2022\/03\/mpf-300x258.jpg 300w, https:\/\/www.caue19.fr\/news\/wp-content\/uploads\/2022\/03\/mpf-768x661.jpg 768w, https:\/\/www.caue19.fr\/news\/wp-content\/uploads\/2022\/03\/mpf-600x516.jpg 600w\" sizes=\"(max-width: 883px) 100vw, 883px\" \/><\/figure><div class=\"wp-block-media-text__content\">\n<p class=\"has-medium-font-size\">Maisons paysannes de France en Limousin<\/p>\n\n\n\n<p><a href=\"http:\/\/mpflimousin.free.fr\/\">mpflimousin.free.fr\/<\/a><\/p>\n<\/div><\/div>\n\n\n\n<div class=\"wp-block-media-text alignwide is-stacked-on-mobile no-border-acide\" style=\"grid-template-columns:15% auto\"><figure class=\"wp-block-media-text__media\"><img loading=\"lazy\" width=\"814\" height=\"400\" src=\"https:\/\/www.caue19.fr\/news\/wp-content\/uploads\/2022\/03\/boislim.png\" alt=\"\" class=\"wp-image-1822 size-medium\" srcset=\"https:\/\/www.caue19.fr\/news\/wp-content\/uploads\/2022\/03\/boislim.png 814w, https:\/\/www.caue19.fr\/news\/wp-content\/uploads\/2022\/03\/boislim-300x147.png 300w, https:\/\/www.caue19.fr\/news\/wp-content\/uploads\/2022\/03\/boislim-768x377.png 768w, https:\/\/www.caue19.fr\/news\/wp-content\/uploads\/2022\/03\/boislim-600x295.png 600w\" sizes=\"(max-width: 814px) 100vw, 814px\" \/><\/figure><div class=\"wp-block-media-text__content\">\n<p class=\"has-medium-font-size\">BoisLim<\/p>\n\n\n\n<p><a href=\"http:\/\/www.boislim.fr\/\" target=\"_blank\" rel=\"noreferrer noopener\">www.boislim.fr\/<\/a><\/p>\n<\/div><\/div>\n\n\n\n<div class=\"wp-block-media-text alignwide is-stacked-on-mobile no-border-acide\" style=\"grid-template-columns:15% auto\"><figure class=\"wp-block-media-text__media\"><img loading=\"lazy\" width=\"1024\" height=\"1015\" src=\"https:\/\/www.caue19.fr\/news\/wp-content\/uploads\/2022\/03\/fp-1024x1015.jpg\" alt=\"\" class=\"wp-image-1823 size-medium\" srcset=\"https:\/\/www.caue19.fr\/news\/wp-content\/uploads\/2022\/03\/fp-1024x1015.jpg 1024w, https:\/\/www.caue19.fr\/news\/wp-content\/uploads\/2022\/03\/fp-300x298.jpg 300w, https:\/\/www.caue19.fr\/news\/wp-content\/uploads\/2022\/03\/fp-150x150.jpg 150w, https:\/\/www.caue19.fr\/news\/wp-content\/uploads\/2022\/03\/fp-768x762.jpg 768w, https:\/\/www.caue19.fr\/news\/wp-content\/uploads\/2022\/03\/fp-1536x1523.jpg 1536w, https:\/\/www.caue19.fr\/news\/wp-content\/uploads\/2022\/03\/fp-600x595.jpg 600w, https:\/\/www.caue19.fr\/news\/wp-content\/uploads\/2022\/03\/fp-100x100.jpg 100w, https:\/\/www.caue19.fr\/news\/wp-content\/uploads\/2022\/03\/fp.jpg 1561w\" sizes=\"(max-width: 1024px) 100vw, 1024px\" \/><\/figure><div class=\"wp-block-media-text__content\">\n<p class=\"has-medium-font-size\">Fondation du Patrimoine du Limousin<\/p>\n\n\n\n<p><a href=\"https:\/\/www.fondation-patrimoine.org\/fr\/limousin-14\">www.fondation-patrimoine.org\/fr\/limousin-14<\/a><\/p>\n<\/div><\/div>\n\n\n\n<div class=\"wp-block-media-text alignwide is-stacked-on-mobile no-border-acide\" style=\"grid-template-columns:15% auto\"><figure class=\"wp-block-media-text__media\"><img loading=\"lazy\" width=\"170\" height=\"170\" src=\"https:\/\/www.caue19.fr\/news\/wp-content\/uploads\/2022\/03\/cma.png\" alt=\"\" class=\"wp-image-1824 size-medium\" srcset=\"https:\/\/www.caue19.fr\/news\/wp-content\/uploads\/2022\/03\/cma.png 170w, https:\/\/www.caue19.fr\/news\/wp-content\/uploads\/2022\/03\/cma-150x150.png 150w, https:\/\/www.caue19.fr\/news\/wp-content\/uploads\/2022\/03\/cma-100x100.png 100w\" sizes=\"(max-width: 170px) 100vw, 170px\" \/><\/figure><div class=\"wp-block-media-text__content\">\n<p class=\"has-medium-font-size\">Chambre des M\u00e9tiers et de l&rsquo;Artisanat<\/p>\n\n\n\n<p><a href=\"http:\/\/www.cma-correze.fr\/\" target=\"_blank\" rel=\"noreferrer noopener\">www.cma-correze.fr\/<\/a><\/p>\n<\/div><\/div>\n\n\n\n<div class=\"wp-block-media-text alignwide is-stacked-on-mobile no-border-acide\" style=\"grid-template-columns:15% auto\"><figure class=\"wp-block-media-text__media\"><img loading=\"lazy\" width=\"119\" height=\"153\" src=\"https:\/\/www.caue19.fr\/news\/wp-content\/uploads\/2022\/03\/drac.jpg\" alt=\"\" class=\"wp-image-1825 size-medium\"\/><\/figure><div class=\"wp-block-media-text__content\">\n<p class=\"has-medium-font-size\">DRAC Nouvelle-Aquitaine<\/p>\n\n\n\n<p><a href=\"http:\/\/www.culturecommunication.gouv.fr\/Regions\/Drac-Nouvelle-Aquitaine\">www.culturecommunication.gouv.fr\/Regions\/Drac-Nouvelle-Aquitaine<\/a><\/p>\n<\/div><\/div>\n\n\n\n<div class=\"wp-block-media-text alignwide is-stacked-on-mobile no-border-acide\" style=\"grid-template-columns:15% auto\"><figure class=\"wp-block-media-text__media\"><img loading=\"lazy\" width=\"203\" height=\"234\" src=\"https:\/\/www.caue19.fr\/news\/wp-content\/uploads\/2022\/03\/adm19.jpg\" alt=\"\" class=\"wp-image-1826 size-medium\"\/><\/figure><div class=\"wp-block-media-text__content\">\n<p class=\"has-medium-font-size\">Association des Maires de la Corr\u00e8ze<\/p>\n\n\n\n<p><a href=\"http:\/\/www.maires.correze.net\/\" target=\"_blank\" rel=\"noreferrer noopener\">www.maires.correze.net\/<\/a><\/p>\n<\/div><\/div>\n\n\n\n<div class=\"wp-block-media-text alignwide is-stacked-on-mobile no-border-acide\" style=\"grid-template-columns:15% auto\"><figure class=\"wp-block-media-text__media\"><img loading=\"lazy\" width=\"289\" height=\"190\" src=\"https:\/\/www.caue19.fr\/news\/wp-content\/uploads\/2022\/03\/btp19.jpg\" alt=\"\" class=\"wp-image-1827 size-medium\"\/><\/figure><div class=\"wp-block-media-text__content\">\n<p class=\"has-medium-font-size\">F\u00e9d\u00e9ration du B\u00e2timent et des TP de la Corr\u00e8ze<\/p>\n\n\n\n<p><a href=\"http:\/\/www.btp19.ffbatiment.fr\/\">www.btp19.ffbatiment.fr\/<\/a><\/p>\n<\/div><\/div>\n\n\n\n<div class=\"wp-block-media-text alignwide is-stacked-on-mobile no-border-acide\" style=\"grid-template-columns:15% auto\"><figure class=\"wp-block-media-text__media\"><img loading=\"lazy\" width=\"897\" height=\"1024\" src=\"https:\/\/www.caue19.fr\/news\/wp-content\/uploads\/2022\/03\/ch_agri-897x1024.jpg\" alt=\"\" class=\"wp-image-1828 size-medium\" srcset=\"https:\/\/www.caue19.fr\/news\/wp-content\/uploads\/2022\/03\/ch_agri-897x1024.jpg 897w, https:\/\/www.caue19.fr\/news\/wp-content\/uploads\/2022\/03\/ch_agri-263x300.jpg 263w, https:\/\/www.caue19.fr\/news\/wp-content\/uploads\/2022\/03\/ch_agri-768x876.jpg 768w, https:\/\/www.caue19.fr\/news\/wp-content\/uploads\/2022\/03\/ch_agri-1346x1536.jpg 1346w, https:\/\/www.caue19.fr\/news\/wp-content\/uploads\/2022\/03\/ch_agri-1795x2048.jpg 1795w, https:\/\/www.caue19.fr\/news\/wp-content\/uploads\/2022\/03\/ch_agri-600x685.jpg 600w, https:\/\/www.caue19.fr\/news\/wp-content\/uploads\/2022\/03\/ch_agri.jpg 1823w\" sizes=\"(max-width: 897px) 100vw, 897px\" \/><\/figure><div class=\"wp-block-media-text__content\">\n<p class=\"has-medium-font-size\">Chambre d&rsquo;Agriculture de la Corr\u00e8ze<\/p>\n\n\n\n<p><a href=\"http:\/\/limousin.synagri.com\/synagri\/Accueil19\" target=\"_blank\" rel=\"noreferrer noopener\">limousin.synagri.com\/synagri\/Accueil19<\/a><\/p>\n<\/div><\/div>\n\n\n\n<div class=\"wp-block-media-text alignwide is-stacked-on-mobile no-border-acide\" style=\"grid-template-columns:15% auto\"><figure class=\"wp-block-media-text__media\"><img loading=\"lazy\" width=\"236\" height=\"236\" src=\"https:\/\/www.caue19.fr\/news\/wp-content\/uploads\/2022\/03\/cnoa.gif\" alt=\"\" class=\"wp-image-1829 size-medium\"\/><\/figure><div class=\"wp-block-media-text__content\">\n<p class=\"has-medium-font-size\">Conseil R\u00e9gional de l&rsquo;Ordre des Architectes<\/p>\n\n\n\n<p><a href=\"http:\/\/www.architectes.org\/limousin\">www.architectes.org\/limousin<\/a><\/p>\n<\/div><\/div>\n\n\n\n<div class=\"wp-block-media-text alignwide is-stacked-on-mobile no-border-acide\" style=\"grid-template-columns:15% auto\"><figure class=\"wp-block-media-text__media\"><img loading=\"lazy\" width=\"200\" height=\"200\" src=\"https:\/\/www.caue19.fr\/news\/wp-content\/uploads\/2022\/03\/cci.jpg\" alt=\"\" class=\"wp-image-1830 size-medium\" srcset=\"https:\/\/www.caue19.fr\/news\/wp-content\/uploads\/2022\/03\/cci.jpg 200w, https:\/\/www.caue19.fr\/news\/wp-content\/uploads\/2022\/03\/cci-150x150.jpg 150w, https:\/\/www.caue19.fr\/news\/wp-content\/uploads\/2022\/03\/cci-100x100.jpg 100w\" sizes=\"(max-width: 200px) 100vw, 200px\" \/><\/figure><div class=\"wp-block-media-text__content\">\n<p class=\"has-medium-font-size\">Chambre de Commerce et d&rsquo;Industrie de la Corr\u00e8ze<\/p>\n\n\n\n<p><a href=\"http:\/\/www.correze.cci.fr\/\" target=\"_blank\" rel=\"noreferrer noopener\">www.correze.cci.fr\/<\/a><\/p>\n<\/div><\/div>\n\n\n\n<div class=\"wp-block-media-text alignwide is-stacked-on-mobile no-border-acide\" style=\"grid-template-columns:15% auto\"><figure class=\"wp-block-media-text__media\"><img loading=\"lazy\" width=\"879\" height=\"853\" src=\"https:\/\/www.caue19.fr\/news\/wp-content\/uploads\/2022\/03\/DREAL.jpg\" alt=\"\" class=\"wp-image-1831 size-medium\" srcset=\"https:\/\/www.caue19.fr\/news\/wp-content\/uploads\/2022\/03\/DREAL.jpg 879w, https:\/\/www.caue19.fr\/news\/wp-content\/uploads\/2022\/03\/DREAL-300x291.jpg 300w, https:\/\/www.caue19.fr\/news\/wp-content\/uploads\/2022\/03\/DREAL-768x745.jpg 768w, https:\/\/www.caue19.fr\/news\/wp-content\/uploads\/2022\/03\/DREAL-600x582.jpg 600w\" sizes=\"(max-width: 879px) 100vw, 879px\" \/><\/figure><div class=\"wp-block-media-text__content\">\n<p class=\"has-medium-font-size\">DREAL Nouvelle-Aquitaine<\/p>\n\n\n\n<p><a href=\"http:\/\/www.aquitaine-limousin-poitou-charentes.developpement-durable.gouv.fr\">www.aquitaine-limousin-poitou-charentes.developpement-durable.gouv.fr<\/a><\/p>\n<\/div><\/div>\n","protected":false},"excerpt":{"rendered":"<p>Au gr\u00e9 de ses missions, le CAUE vous am\u00e8nera \u00e0 consulter et rencontrer des partenaires, dont l\u2019action peut se situer \u00e0 son amont ou \u00e0 son aval. Leurs comp\u00e9tences, compl\u00e9mentaires aux siennes, viendront enrichir, faciliter ou d\u00e9canter votre projet.Que vous &hellip; <a href=\"https:\/\/www.caue19.fr\/news\/liens-utiles\/\">Lire la suite\u00ad\u00ad<\/a><\/p>\n","protected":false},"author":1,"featured_media":0,"parent":0,"menu_order":0,"comment_status":"closed","ping_status":"closed","template":"","meta":{"kt_blocks_editor_width":""},"_links":{"self":[{"href":"https:\/\/www.caue19.fr\/news\/wp-json\/wp\/v2\/pages\/1037"}],"collection":[{"href":"https:\/\/www.caue19.fr\/news\/wp-json\/wp\/v2\/pages"}],"about":[{"href":"https:\/\/www.caue19.fr\/news\/wp-json\/wp\/v2\/types\/page"}],"author":[{"embeddable":true,"href":"https:\/\/www.caue19.fr\/news\/wp-json\/wp\/v2\/users\/1"}],"replies":[{"embeddable":true,"href":"https:\/\/www.caue19.fr\/news\/wp-json\/wp\/v2\/comments?post=1037"}],"version-history":[{"count":27,"href":"https:\/\/www.caue19.fr\/news\/wp-json\/wp\/v2\/pages\/1037\/revisions"}],"predecessor-version":[{"id":1833,"href":"https:\/\/www.caue19.fr\/news\/wp-json\/wp\/v2\/pages\/1037\/revisions\/1833"}],"wp:attachment":[{"href":"https:\/\/www.caue19.fr\/news\/wp-json\/wp\/v2\/media?parent=1037"}],"curies":[{"name":"wp","href":"https:\/\/api.w.org\/{rel}","templated":true}]}}