{"id":1186,"date":"2021-12-20T01:44:11","date_gmt":"2021-12-20T00:44:11","guid":{"rendered":"https:\/\/www.caue19.fr\/news\/?page_id=1186"},"modified":"2025-09-01T14:52:47","modified_gmt":"2025-09-01T12:52:47","slug":"mentions-legales","status":"publish","type":"page","link":"https:\/\/www.caue19.fr\/news\/mentions-legales\/","title":{"rendered":"Mentions l\u00e9gales"},"content":{"rendered":"\n<h2>Propri\u00e9taire du site<\/h2>\n\n\n\n<p>CAUE de la Corr\u00e8ze<br>9 Rue Ren\u00e9 et Emile Fage &#8211; BP 199 &#8211; 19005 TULLE CEDEX<br>t\u00e9l. 05.55.26.06.48<br>Directeur de la publication : Mme Val\u00e9rie TAURISSON, Pr\u00e9sidente du CAUE de la Corr\u00e8ze<\/p>\n\n\n\n<h2>D\u00e9veloppement du site internet<\/h2>\n\n\n\n<p>Le400<br>12, place Jean-Marie Dauzier<br>19100 Brive-la-Gaillarde &#8211; France<br>T\u00e9l. : 33 (0)5 55 22 44 71<\/p>\n\n\n\n<h2>H\u00e9bergement<\/h2>\n\n\n\n<p>L&rsquo;h\u00e9bergement de www.caue19.fr est assur\u00e9 par OVH<br>Utilisation des cookies<\/p>\n\n\n\n<p>L&rsquo;utilisateur est inform\u00e9 que lors de ses visites sur le site www.caue19.fr, un cookie peut s&rsquo;installer automatiquement sur son logiciel de navigation.<\/p>\n\n\n\n<p>Un cookie est un bloc de donn\u00e9es qui ne permet pas d&rsquo;identifier les utilisateurs mais sert \u00e0 enregistrer des informations relatives \u00e0 la navigation de celui-ci sur le site et ainsi permettre des mesures de fr\u00e9quentation par l&rsquo;interm\u00e9diaire de l&rsquo;application Google Analytics.<\/p>\n\n\n\n<p>Vous pouvez d\u00e9sactiver les cookies sur ce site et sur d&rsquo;autres, le moyen le plus efficace consiste \u00e0 d\u00e9sactiver les cookies dans votre navigateur.<\/p>\n\n\n\n<ul><li>Firefox<\/li><li>Chrome<\/li><li>Safari<\/li><\/ul>\n\n\n\n<h2>D\u00e9claration CNIL<\/h2>\n\n\n\n<p>Conform\u00e9ment \u00e0 la loi 78-17 du 6 janvier 1978 relative \u00e0 l&rsquo;informatique, aux fichiers et aux libert\u00e9s, le traitement des donn\u00e9es nominatives r\u00e9alis\u00e9 \u00e0 partir du site du CAUE de la Corr\u00e8ze a fait l&rsquo;objet d&rsquo;une d\u00e9claration aupr\u00e8s de la Commission nationale de l&rsquo;informatique et des libert\u00e9s (CNIL).<\/p>\n\n\n\n<p>Rectification des informations nominatives collect\u00e9es<\/p>\n\n\n\n<p>Toute personne justifiant de son identit\u00e9 a un droit d&rsquo;acc\u00e8s et de rectification aux informations nominatives le concernant contenues dans les fichiers informatis\u00e9s du CAUE de la Corr\u00e8ze. Ce droit d&rsquo;acc\u00e8s et de rectification peut \u00eatre exerc\u00e9 par courrier \u00e9lectronique \u00e0 l&rsquo;adresse suivante : contact@caue19.fr ou par courrier postal \u00e0 l&rsquo;adresse : CAUE de la Corr\u00e8ze, 9 Rue R et E Fage &#8211; BP 199 &#8211; 19005 Tulle CEDEX.<\/p>\n\n\n\n<h2>Droits d\u2019auteur<\/h2>\n\n\n\n<p>La totalit\u00e9 des \u00e9l\u00e9ments du site, notamment les textes, pr\u00e9sentations, illustrations, photographies, arborescences et mises en forme sont, sauf documents publics et pr\u00e9cisions compl\u00e9mentaires, la propri\u00e9t\u00e9 intellectuelle exclusive du CAUE de la Corr\u00e8ze ou de ses partenaires.<br>En outre, le CAUE de la Corr\u00e8ze, en tant que producteur des bases de donn\u00e9es en consultation sur son site, et conform\u00e9ment aux dispositions de la Loi du 1er juillet 1998 sur la Propri\u00e9t\u00e9 intellectuelle relatives \u00e0 la protection juridique des bases de donn\u00e9es, interdit l&rsquo;extraction totale ou partielle du contenu de ses bases de donn\u00e9es sur un autre support, par tout moyen et sous toute forme que ce soit, ainsi que leur r\u00e9utilisation, quelle qu&rsquo;en soit la forme, par la mise \u00e0 disposition du public de la totalit\u00e9 ou d&rsquo;une partie substantielle de ce contenu. De m\u00eame il interdit toute extraction abusive d&rsquo;une partie non substantielle de ce contenu.<br>(Loi n\u00b098-536, art. L.341.1, L.341.2, L.342.1, L.342.2, L.342.3)<\/p>\n\n\n\n<p>La pr\u00e9sence de liens hypertexte vers d&rsquo;autres sites web n&rsquo;engage pas le CAUE de la Corr\u00e8ze au contenu de ces sites.<\/p>\n","protected":false},"excerpt":{"rendered":"<p>Propri\u00e9taire du site CAUE de la Corr\u00e8ze9 Rue Ren\u00e9 et Emile Fage &#8211; BP 199 &#8211; 19005 TULLE CEDEXt\u00e9l. 05.55.26.06.48Directeur de la publication : Mme Val\u00e9rie TAURISSON, Pr\u00e9sidente du CAUE de la Corr\u00e8ze D\u00e9veloppement du site internet Le40012, place Jean-Marie &hellip; <a href=\"https:\/\/www.caue19.fr\/news\/mentions-legales\/\">Lire la suite\u00ad\u00ad<\/a><\/p>\n","protected":false},"author":1,"featured_media":0,"parent":0,"menu_order":0,"comment_status":"closed","ping_status":"closed","template":"","meta":{"kt_blocks_editor_width":""},"_links":{"self":[{"href":"https:\/\/www.caue19.fr\/news\/wp-json\/wp\/v2\/pages\/1186"}],"collection":[{"href":"https:\/\/www.caue19.fr\/news\/wp-json\/wp\/v2\/pages"}],"about":[{"href":"https:\/\/www.caue19.fr\/news\/wp-json\/wp\/v2\/types\/page"}],"author":[{"embeddable":true,"href":"https:\/\/www.caue19.fr\/news\/wp-json\/wp\/v2\/users\/1"}],"replies":[{"embeddable":true,"href":"https:\/\/www.caue19.fr\/news\/wp-json\/wp\/v2\/comments?post=1186"}],"version-history":[{"count":7,"href":"https:\/\/www.caue19.fr\/news\/wp-json\/wp\/v2\/pages\/1186\/revisions"}],"predecessor-version":[{"id":2451,"href":"https:\/\/www.caue19.fr\/news\/wp-json\/wp\/v2\/pages\/1186\/revisions\/2451"}],"wp:attachment":[{"href":"https:\/\/www.caue19.fr\/news\/wp-json\/wp\/v2\/media?parent=1186"}],"curies":[{"name":"wp","href":"https:\/\/api.w.org\/{rel}","templated":true}]}}