{"id":1211,"date":"2022-01-25T15:24:30","date_gmt":"2022-01-25T14:24:30","guid":{"rendered":"https:\/\/www.caue19.fr\/news\/?page_id=1211"},"modified":"2022-01-27T01:09:52","modified_gmt":"2022-01-27T00:09:52","slug":"conseil-aux-professionnels","status":"publish","type":"page","link":"https:\/\/www.caue19.fr\/news\/conseil-aux-professionnels\/","title":{"rendered":"Conseil aux professionnels"},"content":{"rendered":"\n<div class=\"wp-block-columns\">\n<div class=\"wp-block-column\" style=\"flex-basis:1000px\">\n<figure class=\"wp-block-embed is-type-video is-provider-youtube wp-block-embed-youtube wp-embed-aspect-16-9 wp-has-aspect-ratio\"><div class=\"wp-block-embed__wrapper\">\n<iframe loading=\"lazy\" title=\"Professionnels, votre CAUE vous aide\" width=\"1140\" height=\"641\" src=\"https:\/\/www.youtube.com\/embed\/46Um0_HZDEU?feature=oembed\" frameborder=\"0\" allow=\"accelerometer; autoplay; clipboard-write; encrypted-media; gyroscope; picture-in-picture\" allowfullscreen><\/iframe>\n<\/div><\/figure>\n\n\n\n<div style=\"height:56px\" aria-hidden=\"true\" class=\"wp-block-spacer\"><\/div>\n\n\n\n<div class=\"wp-block-image\"><figure class=\"alignright size-medium is-resized\"><a href=\"https:\/\/www.caue19.fr\/news\/wp-content\/uploads\/2022\/01\/maison02.jpg\"><img loading=\"lazy\" src=\"https:\/\/www.caue19.fr\/news\/wp-content\/uploads\/2022\/01\/maison02-300x214.jpg\" alt=\"\" class=\"wp-image-1512\" width=\"360\" height=\"257\" srcset=\"https:\/\/www.caue19.fr\/news\/wp-content\/uploads\/2022\/01\/maison02-300x214.jpg 300w, https:\/\/www.caue19.fr\/news\/wp-content\/uploads\/2022\/01\/maison02-600x429.jpg 600w, https:\/\/www.caue19.fr\/news\/wp-content\/uploads\/2022\/01\/maison02.jpg 764w\" sizes=\"(max-width: 360px) 100vw, 360px\" \/><\/a><\/figure><\/div>\n\n\n\n<p>Le CAUE accompagne et conseille les professionnels de la construction, de l\u2019architecture, du paysage ou de l\u2019urbanisme sur des d\u00e9marches ou projets touchant \u00e0 l\u2019am\u00e9nagement des territoires, cela \u00e0<strong> toutes les \u00e9chelles<\/strong>.<br>Constitu\u00e9 d\u2019une <strong>\u00e9quipe pluridisciplinaire<\/strong>, le CAUE propose d\u2019\u00e9changer sur les enjeux li\u00e9s aux cadres de vie en int\u00e9grant les dimensions culturelles, sociales, patrimoniales, environnementales, \u00e9conomiques et de d\u00e9veloppement durable.<br><\/p>\n\n\n\n<p>Le CAUE informe notamment sur des changements \u00e0 venir, l\u2019int\u00e9gration de nouvelles normes et pratiques d\u2019am\u00e9nagement. Il s\u2019agit de <strong>comprendre les mutations des territoires<\/strong> et les enjeux collectifs afin de tendre vers de nouveaux projets plus vertueux.<br>Face au march\u00e9 de la <strong>r\u00e9novation thermique <\/strong>toujours plus croissant, le CAUE permet d\u2019apporter une vision globale du projet, des connaissances et des savoirs techniques.<\/p>\n\n\n\n<p><strong>Hors champ concurrentiel, le CAUE doit intervenir en amont de tout contrat, de toute convention ou prestation r\u00e9mun\u00e9r\u00e9e.<\/strong><\/p>\n\n\n\n<p><br><br><strong>Nos conseils peuvent porter sur :<\/strong><\/p>\n\n\n\n<ul class=\"has-very-light-gray-background-color has-background\"><li>Une aide \u00e0 la programmation<\/li><li>Un diagnostic pr\u00e9alable<\/li><li>Une intervention sur un b\u00e2ti communal \/ intercommunal<\/li><li>Une int\u00e9gration urbaine et paysag\u00e8re<\/li><li>Une d\u00e9marche de reconqu\u00eate du d\u00e9veloppement durable<\/li><li>Une technique de construction<\/li><li>Les nouvelles r\u00e9glementations en vigueur<\/li><\/ul>\n\n\n\n<div style=\"height:47px\" aria-hidden=\"true\" class=\"wp-block-spacer\"><\/div>\n\n\n\n<h2>Autres missions adress\u00e9es aux professionnels :<\/h2>\n\n\n\n<div class=\"wp-block-image\"><figure class=\"alignleft size-medium is-resized\"><a href=\"https:\/\/www.caue19.fr\/news\/wp-content\/uploads\/2022\/01\/reunion.jpg\"><img loading=\"lazy\" src=\"https:\/\/www.caue19.fr\/news\/wp-content\/uploads\/2022\/01\/reunion-300x207.jpg\" alt=\"\" class=\"wp-image-1523\" width=\"350\" height=\"242\" srcset=\"https:\/\/www.caue19.fr\/news\/wp-content\/uploads\/2022\/01\/reunion-300x207.jpg 300w, https:\/\/www.caue19.fr\/news\/wp-content\/uploads\/2022\/01\/reunion-768x530.jpg 768w, https:\/\/www.caue19.fr\/news\/wp-content\/uploads\/2022\/01\/reunion-600x414.jpg 600w, https:\/\/www.caue19.fr\/news\/wp-content\/uploads\/2022\/01\/reunion.jpg 848w\" sizes=\"(max-width: 350px) 100vw, 350px\" \/><\/a><\/figure><\/div>\n\n\n\n<p>Le CAUE, est un relai pour \u00e9changer. Tout en restant neutre, il \u00e9voque des sujets de fond et contribue ainsi \u00e0 faire avancer les d\u00e9bats. Dans ce cadre le CAUE, en plus des conseils, organise des<strong> conf\u00e9rences<\/strong>, <strong>tables rondes<\/strong> et des <strong><a href=\"https:\/\/www.caue19.fr\/news\/formation-information\/\" data-type=\"page\" data-id=\"19\">journ\u00e9es techniques<\/a><\/strong>. Il contribue ainsi \u00e0 la rencontre et aux \u00e9changes entre professionnels, \u00e9lus et services administratifs.<br><br>Les architectes, paysagistes et urbanistes du CAUE sont \u00e9galement sollicit\u00e9s, en tant que personnes publiques qualifi\u00e9es pour participer \u00e0 des <strong>jurys de concours<\/strong>, des <strong>commissions<\/strong> mais aussi \u00e0 des <strong>palmar\u00e8s<\/strong> et des <strong>concours d\u2019id\u00e9es.<\/strong><\/p>\n<\/div>\n<\/div>\n","protected":false},"excerpt":{"rendered":"<p>Le CAUE accompagne et conseille les professionnels de la construction, de l\u2019architecture, du paysage ou de l\u2019urbanisme sur des d\u00e9marches ou projets touchant \u00e0 l\u2019am\u00e9nagement des territoires, cela \u00e0 toutes les \u00e9chelles.Constitu\u00e9 d\u2019une \u00e9quipe pluridisciplinaire, le CAUE propose d\u2019\u00e9changer sur &hellip; <a href=\"https:\/\/www.caue19.fr\/news\/conseil-aux-professionnels\/\">Lire la suite\u00ad\u00ad<\/a><\/p>\n","protected":false},"author":1,"featured_media":0,"parent":0,"menu_order":0,"comment_status":"closed","ping_status":"closed","template":"page-sidebar.php","meta":{"kt_blocks_editor_width":""},"_links":{"self":[{"href":"https:\/\/www.caue19.fr\/news\/wp-json\/wp\/v2\/pages\/1211"}],"collection":[{"href":"https:\/\/www.caue19.fr\/news\/wp-json\/wp\/v2\/pages"}],"about":[{"href":"https:\/\/www.caue19.fr\/news\/wp-json\/wp\/v2\/types\/page"}],"author":[{"embeddable":true,"href":"https:\/\/www.caue19.fr\/news\/wp-json\/wp\/v2\/users\/1"}],"replies":[{"embeddable":true,"href":"https:\/\/www.caue19.fr\/news\/wp-json\/wp\/v2\/comments?post=1211"}],"version-history":[{"count":22,"href":"https:\/\/www.caue19.fr\/news\/wp-json\/wp\/v2\/pages\/1211\/revisions"}],"predecessor-version":[{"id":1574,"href":"https:\/\/www.caue19.fr\/news\/wp-json\/wp\/v2\/pages\/1211\/revisions\/1574"}],"wp:attachment":[{"href":"https:\/\/www.caue19.fr\/news\/wp-json\/wp\/v2\/media?parent=1211"}],"curies":[{"name":"wp","href":"https:\/\/api.w.org\/{rel}","templated":true}]}}