{"id":13,"date":"2021-11-15T23:17:17","date_gmt":"2021-11-15T22:17:17","guid":{"rendered":"https:\/\/www.caue19.fr\/news\/?page_id=13"},"modified":"2022-04-14T10:59:10","modified_gmt":"2022-04-14T08:59:10","slug":"conseil-aux-particuliers","status":"publish","type":"page","link":"https:\/\/www.caue19.fr\/news\/conseil-aux-particuliers\/","title":{"rendered":"Conseil aux particuliers"},"content":{"rendered":"\n<div class=\"wp-block-columns\">\n<div class=\"wp-block-column\" style=\"flex-basis:1000px\">\n<figure class=\"wp-block-embed is-type-video is-provider-youtube wp-block-embed-youtube wp-embed-aspect-16-9 wp-has-aspect-ratio\"><div class=\"wp-block-embed__wrapper\">\n<iframe loading=\"lazy\" title=\"Particuliers : votre CAUE vous aide\" width=\"1140\" height=\"641\" src=\"https:\/\/www.youtube.com\/embed\/S5F0Riv2ShE?feature=oembed\" frameborder=\"0\" allow=\"accelerometer; autoplay; clipboard-write; encrypted-media; gyroscope; picture-in-picture\" allowfullscreen><\/iframe>\n<\/div><\/figure>\n\n\n\n<div style=\"height:46px\" aria-hidden=\"true\" class=\"wp-block-spacer\"><\/div>\n\n\n\n<p class=\"has-very-light-gray-background-color has-background\"><em>\u201cLe CAUE fournit aux personnes qui d\u00e9sirent construire les informations, les orientations et les conseils propres \u00e0 assurer la qualit\u00e9 architecturale des constructions et leur bonne insertion dans le site environnant, urbain ou rural, sans toutefois se charger de la ma\u00eetrise d\u2019\u0153uvre.\u201d<\/em><br>loi sur l\u2019architecture, 3 janvier 1977, art.7. <\/p>\n\n\n\n<p><br><br>Le CAUE permet \u00e0 tout candidat \u00e0 la construction de recevoir <strong>gratuitement et librement<\/strong> un ensemble de conseils complets et personnalis\u00e9s pour le guider dans ses choix et ses d\u00e9marches. Les conseils aux particuliers se font <strong>principalement<\/strong> sur<strong> rendez-vous<\/strong> au si\u00e8ge du<a href=\"https:\/\/www.caue19.fr\/news\/contact-us\/\" data-type=\"page\" data-id=\"823\"> CAUE<\/a> (05.55.26.06.48).<br><\/p>\n\n\n\n<p><strong>Nous apportons nos conseils sur:<\/strong><\/p>\n\n\n\n<div class=\"wp-block-columns\">\n<div class=\"wp-block-column\">\n<ul class=\"has-very-light-gray-background-color has-background\"><li>les d\u00e9marches administratives ;<\/li><li>les questions relevant du code de la construction ;<\/li><li>le choix du terrain ;<\/li><li>l\u2019implantation de la maison et l\u2019am\u00e9nagement de la parcelle (jardin, cl\u00f4ture, terrasse, plantation, piscine&#8230;) ;<\/li><li>le mode constructif ;<\/li><li>la rationalit\u00e9 de l&rsquo;agencement int\u00e9rieur ;<\/li><li>le choix des mat\u00e9riaux ;<\/li><li>la recherche volum\u00e9trique&#8230;<\/li><\/ul>\n<\/div>\n\n\n\n<div class=\"wp-block-column\">\n<div class=\"wp-block-image\"><figure class=\"aligncenter size-medium is-resized\"><a href=\"https:\/\/www.caue19.fr\/news\/wp-content\/uploads\/2022\/01\/dessin.jpg\"><img loading=\"lazy\" src=\"https:\/\/www.caue19.fr\/news\/wp-content\/uploads\/2022\/01\/dessin-300x186.jpg\" alt=\"\" class=\"wp-image-1459\" width=\"402\" height=\"249\" srcset=\"https:\/\/www.caue19.fr\/news\/wp-content\/uploads\/2022\/01\/dessin-300x186.jpg 300w, https:\/\/www.caue19.fr\/news\/wp-content\/uploads\/2022\/01\/dessin-80x50.jpg 80w, https:\/\/www.caue19.fr\/news\/wp-content\/uploads\/2022\/01\/dessin-600x371.jpg 600w, https:\/\/www.caue19.fr\/news\/wp-content\/uploads\/2022\/01\/dessin.jpg 695w\" sizes=\"(max-width: 402px) 100vw, 402px\" \/><\/a><\/figure><\/div>\n<\/div>\n<\/div>\n\n\n\n<h2 id=\"conseils-lies-a-un-projet-de-construction-ou-d-amenagement\"><br>Conseils li\u00e9s \u00e0 un projet de construction ou d\u2019am\u00e9nagement<\/h2>\n\n\n\n<p>Le CAUE de la Corr\u00e8ze met \u00e0 votre disposition le savoir-faire et le professionnalisme de ses architectes, paysagistes et urbanistes conseillers pour vous aider dans l\u2019\u00e9laboration de votre projet de construction, d\u2019am\u00e9nagement d\u2019un b\u00e2timent existant ou des espaces ext\u00e9rieurs. Il produit de nombreuses plaquettes sur des th\u00e9matiques propres \u00e0 la Corr\u00e8ze permettant \u00e0 chacun de s\u2019approprier les sp\u00e9cificit\u00e9s locales (toits, enduits, granges, arbres et arbustes\u2026). <br><br><a href=\"https:\/\/www.caue19.fr\/news\/ressources\/publications\/\" data-type=\"page\" data-id=\"899\"><strong>\u2794 voir nos publications<\/strong><\/a><\/p>\n\n\n\n<h2 id=\"quelques-rappels-pour-avoir-un-conseil-efficace-et-personnalise\"><br>Quelques rappels pour avoir un conseil efficace et personnalis\u00e9<\/h2>\n\n\n\n<div class=\"wp-block-columns are-vertically-aligned-top\">\n<div class=\"wp-block-column is-vertically-aligned-top\">\n<div class=\"wp-block-image\"><figure class=\"aligncenter size-full is-resized\"><img loading=\"lazy\" src=\"https:\/\/www.caue19.fr\/news\/wp-content\/uploads\/2022\/01\/dessin02.jpg\" alt=\"\" class=\"wp-image-1467\" width=\"361\" height=\"291\" srcset=\"https:\/\/www.caue19.fr\/news\/wp-content\/uploads\/2022\/01\/dessin02.jpg 402w, https:\/\/www.caue19.fr\/news\/wp-content\/uploads\/2022\/01\/dessin02-300x242.jpg 300w\" sizes=\"(max-width: 361px) 100vw, 361px\" \/><\/figure><\/div>\n<\/div>\n\n\n\n<div class=\"wp-block-column is-vertically-aligned-top\">\n<ul><li>les conseillers doivent \u00eatre sollicit\u00e9s le plus en amont possible du projet et dans tous les cas <strong>avant de d\u00e9poser le permis de construire<\/strong>.<\/li><li>lors de l\u2019entretien, veuillez-<strong>vous munir<\/strong> de tous les documents n\u00e9cessaires \u00e0 la compr\u00e9hension de votre projet : extrait de plan cadastral, photographies, croquis, brouillons, document d\u2019urbanisme concernant votre terrain (PLU, PLUi, carte communale)\u2026<\/li><li><strong>le CAUE de la Corr\u00e8ze ne d\u00e9livre pas de plan<\/strong> et les conseils fournis lors de l\u2019entretien ne vous dispensent pas de consulter un architecte.<\/li><\/ul>\n\n\n\n<p><br><a href=\"https:\/\/www.caue19.fr\/news\/portfolio\/conseil-aux-particuliers-amenager-construire-restaurer\/\" data-type=\"portfolio\" data-id=\"1380\"><strong>\u2794 voir notre publication<\/strong><\/a><\/p>\n<\/div>\n<\/div>\n<\/div>\n<\/div>\n","protected":false},"excerpt":{"rendered":"<p>\u201cLe CAUE fournit aux personnes qui d\u00e9sirent construire les informations, les orientations et les conseils propres \u00e0 assurer la qualit\u00e9 architecturale des constructions et leur bonne insertion dans le site environnant, urbain ou rural, sans toutefois se charger de la &hellip; <a href=\"https:\/\/www.caue19.fr\/news\/conseil-aux-particuliers\/\">Lire la suite\u00ad\u00ad<\/a><\/p>\n","protected":false},"author":1,"featured_media":0,"parent":0,"menu_order":0,"comment_status":"closed","ping_status":"closed","template":"page-sidebar.php","meta":{"kt_blocks_editor_width":""},"_links":{"self":[{"href":"https:\/\/www.caue19.fr\/news\/wp-json\/wp\/v2\/pages\/13"}],"collection":[{"href":"https:\/\/www.caue19.fr\/news\/wp-json\/wp\/v2\/pages"}],"about":[{"href":"https:\/\/www.caue19.fr\/news\/wp-json\/wp\/v2\/types\/page"}],"author":[{"embeddable":true,"href":"https:\/\/www.caue19.fr\/news\/wp-json\/wp\/v2\/users\/1"}],"replies":[{"embeddable":true,"href":"https:\/\/www.caue19.fr\/news\/wp-json\/wp\/v2\/comments?post=13"}],"version-history":[{"count":34,"href":"https:\/\/www.caue19.fr\/news\/wp-json\/wp\/v2\/pages\/13\/revisions"}],"predecessor-version":[{"id":1924,"href":"https:\/\/www.caue19.fr\/news\/wp-json\/wp\/v2\/pages\/13\/revisions\/1924"}],"wp:attachment":[{"href":"https:\/\/www.caue19.fr\/news\/wp-json\/wp\/v2\/media?parent=13"}],"curies":[{"name":"wp","href":"https:\/\/api.w.org\/{rel}","templated":true}]}}