{"id":15,"date":"2021-11-15T23:18:25","date_gmt":"2021-11-15T22:18:25","guid":{"rendered":"https:\/\/www.caue19.fr\/news\/?page_id=15"},"modified":"2022-04-14T10:42:52","modified_gmt":"2022-04-14T08:42:52","slug":"conseil-aux-collectivites","status":"publish","type":"page","link":"https:\/\/www.caue19.fr\/news\/conseil-aux-collectivites\/","title":{"rendered":"Conseil aux collectivit\u00e9s"},"content":{"rendered":"\n<div class=\"wp-block-columns\">\n<div class=\"wp-block-column\" style=\"flex-basis:1000px\">\n<figure class=\"wp-block-embed aligncenter is-type-video is-provider-youtube wp-block-embed-youtube wp-embed-aspect-16-9 wp-has-aspect-ratio\"><div class=\"wp-block-embed__wrapper\">\n<iframe loading=\"lazy\" title=\"\u00c9lus et services de l&#039;\u00c9tat : votre CAUE vous aide\" width=\"1140\" height=\"641\" src=\"https:\/\/www.youtube.com\/embed\/XfgFyxquXk4?feature=oembed\" frameborder=\"0\" allow=\"accelerometer; autoplay; clipboard-write; encrypted-media; gyroscope; picture-in-picture\" allowfullscreen><\/iframe>\n<\/div><figcaption><br><\/figcaption><\/figure>\n\n\n\n<h2 id=\"accompagnement-personnalise\">Accompagnement personnalis\u00e9<\/h2>\n\n\n\n<div class=\"wp-block-image\"><figure class=\"alignright size-medium is-resized\"><a href=\"https:\/\/www.caue19.fr\/news\/wp-content\/uploads\/2022\/01\/cublac.jpg\"><img loading=\"lazy\" src=\"https:\/\/www.caue19.fr\/news\/wp-content\/uploads\/2022\/01\/cublac-300x248.jpg\" alt=\"\" class=\"wp-image-1483\" width=\"339\" height=\"280\" srcset=\"https:\/\/www.caue19.fr\/news\/wp-content\/uploads\/2022\/01\/cublac-300x248.jpg 300w, https:\/\/www.caue19.fr\/news\/wp-content\/uploads\/2022\/01\/cublac-768x634.jpg 768w, https:\/\/www.caue19.fr\/news\/wp-content\/uploads\/2022\/01\/cublac-600x495.jpg 600w, https:\/\/www.caue19.fr\/news\/wp-content\/uploads\/2022\/01\/cublac.jpg 1007w\" sizes=\"(max-width: 339px) 100vw, 339px\" \/><\/a><\/figure><\/div>\n\n\n\n<p>Gr\u00e2ce \u00e0 la capitalisation de ses connaissances en mati\u00e8re d\u2019architecture, d\u2019urbanisme, d\u2019environnement et de paysage sur le d\u00e9partement de la Corr\u00e8ze, <strong>le CAUE 19<\/strong> accompagne les \u00e9lus dans le d\u00e9veloppement de leur territoire et de leur cadre de vie.<br>L\u2019\u00e9quipe pluridisciplinaire (architecte, paysagiste, urbaniste) propose des <strong>conseils transversaux<\/strong>, le plus en amont possible de vos projets. <br><br><strong><a href=\"https:\/\/www.caue19.fr\/news\/portfolio\/collectivites-ayez-le-reflexe-caue\/\" data-type=\"portfolio\" data-id=\"1368\">\u2794 voir notre publications sur nos conseils aux collectivit\u00e9s<\/a><\/strong><br><br>V\u00e9ritable <strong>aide \u00e0 la d\u00e9cision<\/strong>, <strong>le CAUE<\/strong> vous guide durant toutes les \u00e9tapes de votre r\u00e9flexion : diagnostic, \u00e9tude pr\u00e9alable, programme d\u2019am\u00e9nagement, proc\u00e9dure d\u2019urbanisme\u2026 . Il d\u00e9finit avec vous vos attentes, les atouts, les points faibles et les limites du projet pour faciliter sa compr\u00e9hension par tous (\u00e9lus, habitants, \u00e9quipe charg\u00e9e de la mise en oeuvre). Il peut explorer diff\u00e9rents sc\u00e9narii d\u2019am\u00e9nagement dans de nombreux domaines.<\/p>\n\n\n\n<p><br><\/p>\n\n\n\n<div class=\"wp-block-columns has-very-light-gray-background-color has-background\">\n<div class=\"wp-block-column\">\n<h3 id=\"paysage\"><strong>Paysage<\/strong><br><\/h3>\n\n\n\n<div style=\"height:30px\" aria-hidden=\"true\" class=\"wp-block-spacer\"><\/div>\n\n\n\n<ul class=\"has-very-dark-gray-color has-text-color\"><li>Am\u00e9nagement de bourg<br><a href=\"https:\/\/www.caue19.fr\/news\/portfolio\/des-amenagements-durables-desirables\/\" data-type=\"portfolio\" data-id=\"1362\">\u2794 voir notre publications sur l&rsquo;am\u00e9nagement durable<\/a><\/li><li>Lotissement<\/li><li>RD en traverse<\/li><li>Espace public (place, belv\u00e9d\u00e8re, jardin)<\/li><li>Cimeti\u00e8re<br><a href=\"https:\/\/www.caue19.fr\/news\/portfolio\/cimetiere-en-mutation\/\" data-type=\"portfolio\" data-id=\"1365\">\u2794 voir notre publications sur le cimeti\u00e8re<\/a><\/li><li>Zone humide ou naturelle<\/li><li>Berges de cours d\u2019eau<\/li><\/ul>\n<\/div>\n\n\n\n<div class=\"wp-block-column\">\n<h3 id=\"architecture\"><strong>Architecture<\/strong><br><\/h3>\n\n\n\n<div style=\"height:30px\" aria-hidden=\"true\" class=\"wp-block-spacer\"><\/div>\n\n\n\n<ul class=\"has-very-dark-gray-color has-text-color\"><li>R\u00e9alisation d\u2019un \u00e9quipement<\/li><li>Avenir de b\u00e2timents d\u00e9saffect\u00e9s<\/li><li>R\u00e9novation ext\u00e9rieure ou am\u00e9nagement de locaux existants<\/li><li>Conseils et vigilance par rapport \u00e0 des projets priv\u00e9s<\/li><li>Petit patrimoine<br><a href=\"https:\/\/www.caue19.fr\/news\/portfolio\/le-petit-patrimoine-correzien\/\" data-type=\"portfolio\" data-id=\"1383\">\u2794 voir notre publications sur le petit patrimoine<\/a><\/li><\/ul>\n<\/div>\n\n\n\n<div class=\"wp-block-column\">\n<h3 id=\"urbanisme\"><strong>Urbanisme<\/strong><br><\/h3>\n\n\n\n<div style=\"height:30px\" aria-hidden=\"true\" class=\"wp-block-spacer\"><\/div>\n\n\n\n<ul class=\"has-very-dark-gray-color has-text-color\"><li>Visites de terrain<\/li><li>Suivi d\u2019un PLU<\/li><li>Choix des OAP<\/li><li>Journ\u00e9es techniques<\/li><\/ul>\n<\/div>\n<\/div>\n\n\n\n<div style=\"height:35px\" aria-hidden=\"true\" class=\"wp-block-spacer\"><\/div>\n\n\n\n<div class=\"wp-block-image\"><figure class=\"alignleft size-medium is-resized\"><img loading=\"lazy\" src=\"https:\/\/www.caue19.fr\/news\/wp-content\/uploads\/2022\/01\/comission-300x237.jpg\" alt=\"\" class=\"wp-image-1502\" width=\"266\" height=\"210\" srcset=\"https:\/\/www.caue19.fr\/news\/wp-content\/uploads\/2022\/01\/comission-300x237.jpg 300w, https:\/\/www.caue19.fr\/news\/wp-content\/uploads\/2022\/01\/comission.jpg 438w\" sizes=\"(max-width: 266px) 100vw, 266px\" \/><\/figure><\/div>\n\n\n\n<h2 id=\"participation-a-des-commissions-techniques\"><strong>Participation \u00e0 des commissions techniques<\/strong><\/h2>\n\n\n\n<p>A la demande d\u2019une collectivit\u00e9 ou d\u2019un ma\u00eetre d\u2019ouvrage public, le CAUE peut participer aux commissions techniques mises en place dans le cadre de l\u2019\u00e9laboration d\u2019un document d\u2019urbanisme, d\u2019un jury de concours pour le choix d\u2019une \u00e9quipe de ma\u00eetrise d\u2019\u0153uvre ou tout autres commissions qui requi\u00e8rent une <strong>personnalit\u00e9 qualifi\u00e9e<\/strong> (commission de la Fondation du Patrimoine, Commission D\u00e9partementale de la Nature, des Paysage et des Sites-CDNPS, commission Tourisme et Handicap, jury des Villes et Villages Fleuris- VVF)<\/p>\n<\/div>\n<\/div>\n\n\n\n<h2 id=\"concertation-et-coordination-avec-les-administrations\"><br><strong>Concertation et coordination avec les administrations<\/strong><\/h2>\n\n\n\n<p><strong>Le CAUE<\/strong> collabore avec de nombreuses administrations et services qui interviennent dans les domaines de l\u2019architecture, du patrimoine, de l\u2019urbanisme et de l\u2019environnement (DDT, UDAP, DRAC, DREAL\u2026)<br><br><\/p>\n","protected":false},"excerpt":{"rendered":"<p>Accompagnement personnalis\u00e9 Gr\u00e2ce \u00e0 la capitalisation de ses connaissances en mati\u00e8re d\u2019architecture, d\u2019urbanisme, d\u2019environnement et de paysage sur le d\u00e9partement de la Corr\u00e8ze, le CAUE 19 accompagne les \u00e9lus dans le d\u00e9veloppement de leur territoire et de leur cadre de &hellip; <a href=\"https:\/\/www.caue19.fr\/news\/conseil-aux-collectivites\/\">Lire la suite\u00ad\u00ad<\/a><\/p>\n","protected":false},"author":1,"featured_media":0,"parent":0,"menu_order":0,"comment_status":"closed","ping_status":"closed","template":"page-sidebar.php","meta":{"kt_blocks_editor_width":""},"_links":{"self":[{"href":"https:\/\/www.caue19.fr\/news\/wp-json\/wp\/v2\/pages\/15"}],"collection":[{"href":"https:\/\/www.caue19.fr\/news\/wp-json\/wp\/v2\/pages"}],"about":[{"href":"https:\/\/www.caue19.fr\/news\/wp-json\/wp\/v2\/types\/page"}],"author":[{"embeddable":true,"href":"https:\/\/www.caue19.fr\/news\/wp-json\/wp\/v2\/users\/1"}],"replies":[{"embeddable":true,"href":"https:\/\/www.caue19.fr\/news\/wp-json\/wp\/v2\/comments?post=15"}],"version-history":[{"count":71,"href":"https:\/\/www.caue19.fr\/news\/wp-json\/wp\/v2\/pages\/15\/revisions"}],"predecessor-version":[{"id":1921,"href":"https:\/\/www.caue19.fr\/news\/wp-json\/wp\/v2\/pages\/15\/revisions\/1921"}],"wp:attachment":[{"href":"https:\/\/www.caue19.fr\/news\/wp-json\/wp\/v2\/media?parent=15"}],"curies":[{"name":"wp","href":"https:\/\/api.w.org\/{rel}","templated":true}]}}