{"id":1665,"date":"2022-01-27T15:53:43","date_gmt":"2022-01-27T14:53:43","guid":{"rendered":"https:\/\/www.caue19.fr\/news\/?page_id=1665"},"modified":"2022-03-07T12:51:52","modified_gmt":"2022-03-07T11:51:52","slug":"centre-de-documentation","status":"publish","type":"page","link":"https:\/\/www.caue19.fr\/news\/centre-de-documentation\/","title":{"rendered":"Centre de documentation"},"content":{"rendered":"\n<h4 id=\"une-bibliotheque-specialisee\"><strong>Une biblioth\u00e8que sp\u00e9cialis\u00e9e<\/strong> <\/h4>\n\n\n\n<div class=\"wp-block-image\"><figure class=\"alignright size-medium\"><a href=\"https:\/\/www.caue19.fr\/news\/wp-content\/uploads\/2022\/03\/DSCN4780.jpeg\"><img loading=\"lazy\" width=\"300\" height=\"225\" src=\"https:\/\/www.caue19.fr\/news\/wp-content\/uploads\/2022\/03\/DSCN4780-300x225.jpeg\" alt=\"\" class=\"wp-image-1811\" srcset=\"https:\/\/www.caue19.fr\/news\/wp-content\/uploads\/2022\/03\/DSCN4780-300x225.jpeg 300w, https:\/\/www.caue19.fr\/news\/wp-content\/uploads\/2022\/03\/DSCN4780-600x450.jpeg 600w, https:\/\/www.caue19.fr\/news\/wp-content\/uploads\/2022\/03\/DSCN4780.jpeg 640w\" sizes=\"(max-width: 300px) 100vw, 300px\" \/><\/a><\/figure><\/div>\n\n\n\n<p>Cr\u00e9\u00e9e d\u00e8s la naissance du Conseil d\u2019Architecture d\u2019Urbanisme et de l\u2019Environnement de la Corr\u00e8ze en 1979, la biblioth\u00e8que du CAUE se compose d\u2019ouvrages traitant des th\u00e8mes suivants:<\/p>\n\n\n\n<div class=\"wp-block-columns\">\n<div class=\"wp-block-column\">\n<ul class=\"has-very-light-gray-background-color has-background\"><li>Architecture<\/li><li>Urbanisme<\/li><li>Patrimoine<\/li><li>Environnement \/ Paysage<\/li><li>Construction<\/li><li>Histoire locale et r\u00e9gionale<\/li><li>Ouvrages de r\u00e9f\u00e9rence<\/li><\/ul>\n<\/div>\n\n\n\n<div class=\"wp-block-column\"><\/div>\n<\/div>\n\n\n\n<div style=\"height:24px\" aria-hidden=\"true\" class=\"wp-block-spacer\"><\/div>\n\n\n\n<h4 id=\"la-bibliotheque-du-caue-detient-aussi\"><strong>La biblioth\u00e8que du CAUE d\u00e9tient auss<\/strong>i<\/h4>\n\n\n\n<ul class=\"has-very-light-gray-background-color has-background\"><li>des \u00e9tudes non publi\u00e9es r\u00e9alis\u00e9es par notre \u00e9quipe<\/li><li>des revues techniques<\/li><li>des panneaux d\u2019exposition<\/li><li>des plaquettes d\u2019information<\/li><\/ul>\n\n\n\n<div style=\"height:36px\" aria-hidden=\"true\" class=\"wp-block-spacer\"><\/div>\n\n\n\n<h4 id=\"conditions-de-consultation\"><strong>Conditions de consultation<\/strong><\/h4>\n\n\n\n<p>Pour des questions de gestion relatives \u00e0 nos moyens, les documents sont consultables uniquement dans nos locaux et exclus du pr\u00eat.<br><strong>La consultation est libre et gratuite sur rendez-vous.<\/strong><\/p>\n","protected":false},"excerpt":{"rendered":"<p>Une biblioth\u00e8que sp\u00e9cialis\u00e9e Cr\u00e9\u00e9e d\u00e8s la naissance du Conseil d\u2019Architecture d\u2019Urbanisme et de l\u2019Environnement de la Corr\u00e8ze en 1979, la biblioth\u00e8que du CAUE se compose d\u2019ouvrages traitant des th\u00e8mes suivants: Architecture Urbanisme Patrimoine Environnement \/ Paysage Construction Histoire locale et &hellip; <a href=\"https:\/\/www.caue19.fr\/news\/centre-de-documentation\/\">Lire la suite\u00ad\u00ad<\/a><\/p>\n","protected":false},"author":1,"featured_media":1769,"parent":0,"menu_order":0,"comment_status":"closed","ping_status":"closed","template":"","meta":{"kt_blocks_editor_width":""},"_links":{"self":[{"href":"https:\/\/www.caue19.fr\/news\/wp-json\/wp\/v2\/pages\/1665"}],"collection":[{"href":"https:\/\/www.caue19.fr\/news\/wp-json\/wp\/v2\/pages"}],"about":[{"href":"https:\/\/www.caue19.fr\/news\/wp-json\/wp\/v2\/types\/page"}],"author":[{"embeddable":true,"href":"https:\/\/www.caue19.fr\/news\/wp-json\/wp\/v2\/users\/1"}],"replies":[{"embeddable":true,"href":"https:\/\/www.caue19.fr\/news\/wp-json\/wp\/v2\/comments?post=1665"}],"version-history":[{"count":14,"href":"https:\/\/www.caue19.fr\/news\/wp-json\/wp\/v2\/pages\/1665\/revisions"}],"predecessor-version":[{"id":1815,"href":"https:\/\/www.caue19.fr\/news\/wp-json\/wp\/v2\/pages\/1665\/revisions\/1815"}],"wp:featuredmedia":[{"embeddable":true,"href":"https:\/\/www.caue19.fr\/news\/wp-json\/wp\/v2\/media\/1769"}],"wp:attachment":[{"href":"https:\/\/www.caue19.fr\/news\/wp-json\/wp\/v2\/media?parent=1665"}],"curies":[{"name":"wp","href":"https:\/\/api.w.org\/{rel}","templated":true}]}}