{"id":17,"date":"2021-11-15T23:20:34","date_gmt":"2021-11-15T22:20:34","guid":{"rendered":"https:\/\/www.caue19.fr\/news\/?page_id=17"},"modified":"2022-01-27T17:04:00","modified_gmt":"2022-01-27T16:04:00","slug":"sensibilisation","status":"publish","type":"page","link":"https:\/\/www.caue19.fr\/news\/sensibilisation\/","title":{"rendered":"Sensibilisation du grand public"},"content":{"rendered":"\n<div class=\"wp-block-kadence-advancedgallery kb-gallery-wrap-id-_e8e8da-03\"><ul class=\"kb-gallery-ul kb-gallery-type-grid kb-gallery-id-_e8e8da-03 kb-gallery-caption-style-bottom-hover kb-gallery-filter-none\" data-item-selector=\".kadence-blocks-gallery-item\" data-image-filter=\"none\" data-lightbox-caption=\"false\" data-columns-xxl=\"3\" data-columns-xl=\"3\" data-columns-lg=\"3\" data-columns-md=\"2\" data-columns-sm=\"1\" data-columns-xs=\"1\"><li class=\"kadence-blocks-gallery-item\"><div class=\"kadence-blocks-gallery-item-inner\"><figure class=\"kb-gallery-figure kb-gallery-item-has-link kadence-blocks-gallery-item-hide-caption kb-has-image-ratio-square\"><a href=\"https:\/\/www.caue19.fr\/news\/wp-content\/uploads\/2022\/01\/sensibilisation01.jpg\" class=\"kb-gallery-item-link\"><div class=\"kb-gal-image-radius\"><div class=\"kb-gallery-image-contain kadence-blocks-gallery-intrinsic kb-gallery-image-ratio-square\"><img loading=\"lazy\" src=\"https:\/\/www.caue19.fr\/news\/wp-content\/uploads\/2022\/01\/sensibilisation01-768x578.jpg\" width=\"768\" height=\"578\" data-full-image=\"https:\/\/www.caue19.fr\/news\/wp-content\/uploads\/2022\/01\/sensibilisation01.jpg\" data-light-image=\"https:\/\/www.caue19.fr\/news\/wp-content\/uploads\/2022\/01\/sensibilisation01.jpg\" data-id=\"1532\" data-link=\"https:\/\/www.caue19.fr\/news\/sensibilisation\/sensibilisation01\/\" class=\"wp-image-1532undefined\" srcset=\"https:\/\/www.caue19.fr\/news\/wp-content\/uploads\/2022\/01\/sensibilisation01-768x578.jpg 768w, https:\/\/www.caue19.fr\/news\/wp-content\/uploads\/2022\/01\/sensibilisation01-300x226.jpg 300w, https:\/\/www.caue19.fr\/news\/wp-content\/uploads\/2022\/01\/sensibilisation01-600x452.jpg 600w, https:\/\/www.caue19.fr\/news\/wp-content\/uploads\/2022\/01\/sensibilisation01.jpg 826w\" sizes=\"(max-width: 768px) 100vw, 768px\" \/><\/div><\/div><\/a><\/figure><\/div><\/li><li class=\"kadence-blocks-gallery-item\"><div class=\"kadence-blocks-gallery-item-inner\"><figure class=\"kb-gallery-figure kb-gallery-item-has-link kadence-blocks-gallery-item-hide-caption kb-has-image-ratio-square\"><a href=\"https:\/\/www.caue19.fr\/news\/wp-content\/uploads\/2022\/01\/sensibilisation02.jpg\" class=\"kb-gallery-item-link\"><div class=\"kb-gal-image-radius\"><div class=\"kb-gallery-image-contain kadence-blocks-gallery-intrinsic kb-gallery-image-ratio-square\"><img loading=\"lazy\" src=\"https:\/\/www.caue19.fr\/news\/wp-content\/uploads\/2022\/01\/sensibilisation02.jpg\" width=\"605\" height=\"521\" data-full-image=\"https:\/\/www.caue19.fr\/news\/wp-content\/uploads\/2022\/01\/sensibilisation02.jpg\" data-light-image=\"https:\/\/www.caue19.fr\/news\/wp-content\/uploads\/2022\/01\/sensibilisation02.jpg\" data-id=\"1533\" data-link=\"https:\/\/www.caue19.fr\/news\/sensibilisation\/sensibilisation02\/\" class=\"wp-image-1533undefined\" srcset=\"https:\/\/www.caue19.fr\/news\/wp-content\/uploads\/2022\/01\/sensibilisation02.jpg 605w, https:\/\/www.caue19.fr\/news\/wp-content\/uploads\/2022\/01\/sensibilisation02-300x258.jpg 300w, https:\/\/www.caue19.fr\/news\/wp-content\/uploads\/2022\/01\/sensibilisation02-600x517.jpg 600w\" sizes=\"(max-width: 605px) 100vw, 605px\" \/><\/div><\/div><\/a><\/figure><\/div><\/li><li class=\"kadence-blocks-gallery-item\"><div class=\"kadence-blocks-gallery-item-inner\"><figure class=\"kb-gallery-figure kb-gallery-item-has-link kadence-blocks-gallery-item-hide-caption kb-has-image-ratio-square\"><a href=\"https:\/\/www.caue19.fr\/news\/wp-content\/uploads\/2022\/01\/sensibilisation03.jpg\" class=\"kb-gallery-item-link\"><div class=\"kb-gal-image-radius\"><div class=\"kb-gallery-image-contain kadence-blocks-gallery-intrinsic kb-gallery-image-ratio-square\"><img loading=\"lazy\" src=\"https:\/\/www.caue19.fr\/news\/wp-content\/uploads\/2022\/01\/sensibilisation03.jpg\" width=\"705\" height=\"531\" data-full-image=\"https:\/\/www.caue19.fr\/news\/wp-content\/uploads\/2022\/01\/sensibilisation03.jpg\" data-light-image=\"https:\/\/www.caue19.fr\/news\/wp-content\/uploads\/2022\/01\/sensibilisation03.jpg\" data-id=\"1534\" data-link=\"https:\/\/www.caue19.fr\/news\/sensibilisation\/sensibilisation03\/\" class=\"wp-image-1534undefined\" srcset=\"https:\/\/www.caue19.fr\/news\/wp-content\/uploads\/2022\/01\/sensibilisation03.jpg 705w, https:\/\/www.caue19.fr\/news\/wp-content\/uploads\/2022\/01\/sensibilisation03-300x226.jpg 300w, https:\/\/www.caue19.fr\/news\/wp-content\/uploads\/2022\/01\/sensibilisation03-600x452.jpg 600w\" sizes=\"(max-width: 705px) 100vw, 705px\" \/><\/div><\/div><\/a><\/figure><\/div><\/li><li class=\"kadence-blocks-gallery-item\"><div class=\"kadence-blocks-gallery-item-inner\"><figure class=\"kb-gallery-figure kb-gallery-item-has-link kadence-blocks-gallery-item-hide-caption kb-has-image-ratio-square\"><a href=\"https:\/\/www.caue19.fr\/news\/wp-content\/uploads\/2022\/01\/sensibilisation04.jpg\" class=\"kb-gallery-item-link\"><div class=\"kb-gal-image-radius\"><div class=\"kb-gallery-image-contain kadence-blocks-gallery-intrinsic kb-gallery-image-ratio-square\"><img loading=\"lazy\" src=\"https:\/\/www.caue19.fr\/news\/wp-content\/uploads\/2022\/01\/sensibilisation04-768x429.jpg\" width=\"768\" height=\"429\" data-full-image=\"https:\/\/www.caue19.fr\/news\/wp-content\/uploads\/2022\/01\/sensibilisation04.jpg\" data-light-image=\"https:\/\/www.caue19.fr\/news\/wp-content\/uploads\/2022\/01\/sensibilisation04.jpg\" data-id=\"1535\" data-link=\"https:\/\/www.caue19.fr\/news\/sensibilisation\/sensibilisation04\/\" class=\"wp-image-1535undefined\" srcset=\"https:\/\/www.caue19.fr\/news\/wp-content\/uploads\/2022\/01\/sensibilisation04-768x429.jpg 768w, https:\/\/www.caue19.fr\/news\/wp-content\/uploads\/2022\/01\/sensibilisation04-300x167.jpg 300w, https:\/\/www.caue19.fr\/news\/wp-content\/uploads\/2022\/01\/sensibilisation04-600x335.jpg 600w, https:\/\/www.caue19.fr\/news\/wp-content\/uploads\/2022\/01\/sensibilisation04.jpg 905w\" sizes=\"(max-width: 768px) 100vw, 768px\" \/><\/div><\/div><\/a><\/figure><\/div><\/li><li class=\"kadence-blocks-gallery-item\"><div class=\"kadence-blocks-gallery-item-inner\"><figure class=\"kb-gallery-figure kb-gallery-item-has-link kadence-blocks-gallery-item-hide-caption kb-has-image-ratio-square\"><a href=\"https:\/\/www.caue19.fr\/news\/wp-content\/uploads\/2022\/01\/sensibilisation06.png\" class=\"kb-gallery-item-link\"><div class=\"kb-gal-image-radius\"><div class=\"kb-gallery-image-contain kadence-blocks-gallery-intrinsic kb-gallery-image-ratio-square\"><img loading=\"lazy\" src=\"https:\/\/www.caue19.fr\/news\/wp-content\/uploads\/2022\/01\/sensibilisation06.png\" width=\"576\" height=\"1280\" data-full-image=\"https:\/\/www.caue19.fr\/news\/wp-content\/uploads\/2022\/01\/sensibilisation06.png\" data-light-image=\"https:\/\/www.caue19.fr\/news\/wp-content\/uploads\/2022\/01\/sensibilisation06.png\" data-id=\"1536\" data-link=\"https:\/\/www.caue19.fr\/news\/sensibilisation\/sensibilisation06\/\" class=\"wp-image-1536undefined\" srcset=\"https:\/\/www.caue19.fr\/news\/wp-content\/uploads\/2022\/01\/sensibilisation06.png 576w, https:\/\/www.caue19.fr\/news\/wp-content\/uploads\/2022\/01\/sensibilisation06-135x300.png 135w, https:\/\/www.caue19.fr\/news\/wp-content\/uploads\/2022\/01\/sensibilisation06-461x1024.png 461w\" sizes=\"(max-width: 576px) 100vw, 576px\" \/><\/div><\/div><\/a><\/figure><\/div><\/li><li class=\"kadence-blocks-gallery-item\"><div class=\"kadence-blocks-gallery-item-inner\"><figure class=\"kb-gallery-figure kb-gallery-item-has-link kadence-blocks-gallery-item-hide-caption kb-has-image-ratio-square\"><a href=\"https:\/\/www.caue19.fr\/news\/wp-content\/uploads\/2022\/01\/sensibilisation05.png\" class=\"kb-gallery-item-link\"><div class=\"kb-gal-image-radius\"><div class=\"kb-gallery-image-contain kadence-blocks-gallery-intrinsic kb-gallery-image-ratio-square\"><img loading=\"lazy\" src=\"https:\/\/www.caue19.fr\/news\/wp-content\/uploads\/2022\/01\/sensibilisation05-768x346.png\" width=\"768\" height=\"346\" data-full-image=\"https:\/\/www.caue19.fr\/news\/wp-content\/uploads\/2022\/01\/sensibilisation05.png\" data-light-image=\"https:\/\/www.caue19.fr\/news\/wp-content\/uploads\/2022\/01\/sensibilisation05.png\" data-id=\"1537\" data-link=\"https:\/\/www.caue19.fr\/news\/sensibilisation\/sensibilisation05\/\" class=\"wp-image-1537undefined\" srcset=\"https:\/\/www.caue19.fr\/news\/wp-content\/uploads\/2022\/01\/sensibilisation05-768x346.png 768w, https:\/\/www.caue19.fr\/news\/wp-content\/uploads\/2022\/01\/sensibilisation05-300x135.png 300w, https:\/\/www.caue19.fr\/news\/wp-content\/uploads\/2022\/01\/sensibilisation05-1024x461.png 1024w, https:\/\/www.caue19.fr\/news\/wp-content\/uploads\/2022\/01\/sensibilisation05-600x270.png 600w, https:\/\/www.caue19.fr\/news\/wp-content\/uploads\/2022\/01\/sensibilisation05.png 1280w\" sizes=\"(max-width: 768px) 100vw, 768px\" \/><\/div><\/div><\/a><\/figure><\/div><\/li><\/ul><\/div>\n\n\n\n<div style=\"height:52px\" aria-hidden=\"true\" class=\"wp-block-spacer\"><\/div>\n\n\n\n<p>Dans le cadre de ses missions de sensibilisation sur la<strong> qualit\u00e9 du cadre de vie, le CAUE<\/strong> propose r\u00e9guli\u00e8rement des animations sur les th\u00e8mes de l\u2019architecture, du paysage et de l\u2019urbanisme. Ouvertes \u00e0 tous, ces rencontres vont souvent de pair avec la visite d\u2019une exposition du CAUE pr\u00e9sent\u00e9e sur place.<br><br><strong><a href=\"https:\/\/www.caue19.fr\/news\/ressources\/expositions\/\" data-type=\"page\" data-id=\"964\">\u2794 voir nos expositions<\/a><\/strong><\/p>\n\n\n\n<div style=\"height:18px\" aria-hidden=\"true\" class=\"wp-block-spacer\"><\/div>\n\n\n\n<div class=\"wp-block-image\"><figure class=\"alignright size-medium\"><a href=\"https:\/\/www.caue19.fr\/news\/wp-content\/uploads\/2022\/01\/conseil-part.jpg\"><img loading=\"lazy\" width=\"300\" height=\"216\" src=\"https:\/\/www.caue19.fr\/news\/wp-content\/uploads\/2022\/01\/conseil-part-300x216.jpg\" alt=\"\" class=\"wp-image-1547\" srcset=\"https:\/\/www.caue19.fr\/news\/wp-content\/uploads\/2022\/01\/conseil-part-300x216.jpg 300w, https:\/\/www.caue19.fr\/news\/wp-content\/uploads\/2022\/01\/conseil-part-768x553.jpg 768w, https:\/\/www.caue19.fr\/news\/wp-content\/uploads\/2022\/01\/conseil-part-600x432.jpg 600w, https:\/\/www.caue19.fr\/news\/wp-content\/uploads\/2022\/01\/conseil-part.jpg 856w\" sizes=\"(max-width: 300px) 100vw, 300px\" \/><\/a><\/figure><\/div>\n\n\n\n<h2 id=\"les-actions-menees-regulierement\">Les actions men\u00e9es r\u00e9guli\u00e8rement<\/h2>\n\n\n\n<ul><li>les journ\u00e9es du patrimoine<\/li><li>les journ\u00e9es nationales de l&rsquo;architecture <\/li><li>les visites de jardins<\/li><li>les conf\u00e9rences<\/li><li>les salons<\/li><\/ul>\n\n\n\n<p><br>Nos actions se font en <strong>partenariat<\/strong> avec d\u2019autres structures comme les collectivit\u00e9s, les Pays d\u2019Art et d\u2019Histoire (PAH), le Parc Naturel R\u00e9gional de Millevaches en Limousin (PNR-ML), l\u2019association Maison Paysanne de France (MPF) et toutes associations avec qui nous entretenons des liens privil\u00e9gi\u00e9s.<br><br><\/p>\n","protected":false},"excerpt":{"rendered":"<p>Dans le cadre de ses missions de sensibilisation sur la qualit\u00e9 du cadre de vie, le CAUE propose r\u00e9guli\u00e8rement des animations sur les th\u00e8mes de l\u2019architecture, du paysage et de l\u2019urbanisme. Ouvertes \u00e0 tous, ces rencontres vont souvent de pair &hellip; <a href=\"https:\/\/www.caue19.fr\/news\/sensibilisation\/\">Lire la suite\u00ad\u00ad<\/a><\/p>\n","protected":false},"author":1,"featured_media":0,"parent":0,"menu_order":0,"comment_status":"closed","ping_status":"closed","template":"page-sidebar.php","meta":{"kt_blocks_editor_width":""},"_links":{"self":[{"href":"https:\/\/www.caue19.fr\/news\/wp-json\/wp\/v2\/pages\/17"}],"collection":[{"href":"https:\/\/www.caue19.fr\/news\/wp-json\/wp\/v2\/pages"}],"about":[{"href":"https:\/\/www.caue19.fr\/news\/wp-json\/wp\/v2\/types\/page"}],"author":[{"embeddable":true,"href":"https:\/\/www.caue19.fr\/news\/wp-json\/wp\/v2\/users\/1"}],"replies":[{"embeddable":true,"href":"https:\/\/www.caue19.fr\/news\/wp-json\/wp\/v2\/comments?post=17"}],"version-history":[{"count":43,"href":"https:\/\/www.caue19.fr\/news\/wp-json\/wp\/v2\/pages\/17\/revisions"}],"predecessor-version":[{"id":1739,"href":"https:\/\/www.caue19.fr\/news\/wp-json\/wp\/v2\/pages\/17\/revisions\/1739"}],"wp:attachment":[{"href":"https:\/\/www.caue19.fr\/news\/wp-json\/wp\/v2\/media?parent=17"}],"curies":[{"name":"wp","href":"https:\/\/api.w.org\/{rel}","templated":true}]}}