{"id":943,"date":"2021-11-16T16:55:41","date_gmt":"2021-11-16T15:55:41","guid":{"rendered":"https:\/\/www.caue19.fr\/news\/?page_id=943"},"modified":"2026-01-29T09:55:00","modified_gmt":"2026-01-29T08:55:00","slug":"adherer-au-caue-de-la-correze","status":"publish","type":"page","link":"https:\/\/www.caue19.fr\/news\/adherer-au-caue-de-la-correze\/","title":{"rendered":"Adh\u00e9rer au CAUE de la Corr\u00e8ze"},"content":{"rendered":"\n<figure class=\"wp-block-image size-large\"><a href=\"https:\/\/www.caue19.fr\/news\/wp-content\/uploads\/2022\/01\/sensibilisation05-1.png\"><img loading=\"lazy\" width=\"1024\" height=\"461\" src=\"https:\/\/www.caue19.fr\/news\/wp-content\/uploads\/2022\/01\/sensibilisation05-1-1024x461.png\" alt=\"\" class=\"wp-image-1591\" srcset=\"https:\/\/www.caue19.fr\/news\/wp-content\/uploads\/2022\/01\/sensibilisation05-1-1024x461.png 1024w, https:\/\/www.caue19.fr\/news\/wp-content\/uploads\/2022\/01\/sensibilisation05-1-300x135.png 300w, https:\/\/www.caue19.fr\/news\/wp-content\/uploads\/2022\/01\/sensibilisation05-1-768x346.png 768w, https:\/\/www.caue19.fr\/news\/wp-content\/uploads\/2022\/01\/sensibilisation05-1-600x270.png 600w, https:\/\/www.caue19.fr\/news\/wp-content\/uploads\/2022\/01\/sensibilisation05-1.png 1280w\" sizes=\"(max-width: 1024px) 100vw, 1024px\" \/><\/a><\/figure>\n\n\n\n<p><strong>Adh\u00e9rer au CAUE de la Corr\u00e8ze, c\u2019est pour vous la possibilit\u00e9 :<\/strong><\/p>\n\n\n\n<ul class=\"has-very-light-gray-background-color has-background\"><li> de participer \u00e0 la vie de l\u2019association en devenant membre de l\u2019Assembl\u00e9e g\u00e9n\u00e9rale,<\/li><li> de solliciter le conseil d\u2019architectes et de paysagiste pour vous conseiller dans la d\u00e9finition de vos projets d\u2019am\u00e9nagement, de construction, de r\u00e9habilitation ou de restauration,<\/li><li> de b\u00e9n\u00e9ficier du pr\u00eat d\u2019expositions,<\/li><li> de mener des actions de sensibilisation,<\/li><li> de consulter notre documentation,<\/li><li> d\u2019\u00eatre inform\u00e9 et invit\u00e9 aux manifestations organis\u00e9es par le CAUE.<\/li><\/ul>\n\n\n\n<div style=\"height:40px\" aria-hidden=\"true\" class=\"wp-block-spacer\"><\/div>\n\n\n\n<h3 id=\"telechargez-notre-bulletin-d-adhesion\"><strong>T\u00e9l\u00e9chargez notre bulletin d&rsquo;adh\u00e9sion:<\/strong><\/h3>\n\n\n\n<div style=\"height:22px\" aria-hidden=\"true\" class=\"wp-block-spacer\"><\/div>\n\n\n\n<div class=\"wp-block-columns\">\n<div class=\"wp-block-column\" style=\"flex-basis:33%\"><style id=\"kt-blocks_b73766-97\">.kt-btns_b73766-97 .kt-btn-wrap-0{margin-right:5px;}.rtl .kt-btns_b73766-97 .kt-btn-wrap-0{margin-left:5px;margin-right:0px;}.wp-block-kadence-advancedbtn.kt-btns_b73766-97 .kt-btn-wrap-0 .kt-button{color:#fff;background:#5daca7;border-color:#5daca7;}.wp-block-kadence-advancedbtn.kt-btns_b73766-97 .kt-btn-wrap-0 .kt-button:hover, .wp-block-kadence-advancedbtn.kt-btns_b73766-97 .kt-btn-wrap-0 .kt-button:focus{color:#ffffff;border-color:#444444;}.wp-block-kadence-advancedbtn.kt-btns_b73766-97 .kt-btn-wrap-0 .kt-button::before{display:none;}.wp-block-kadence-advancedbtn.kt-btns_b73766-97 .kt-btn-wrap-0 .kt-button:hover, .wp-block-kadence-advancedbtn.kt-btns_b73766-97 .kt-btn-wrap-0 .kt-button:focus{background:#444444;}<\/style>\n<div class=\"wp-block-kadence-advancedbtn kt-btn-align-center kt-btn-tablet-align-inherit kt-btn-mobile-align-inherit kt-btns-wrap kt-btns_b73766-97\"><div class=\"kt-btn-wrap kt-btn-wrap-0\"><a class=\"kt-button button kt-btn-0-action kt-btn-size-standard kt-btn-style-basic kt-btn-svg-show-always kt-btn-has-text-true kt-btn-has-svg-false\" download href=\"https:\/\/www.caue19.fr\/news\/wp-content\/uploads\/2026\/01\/cotisation-communes-2026.pdf\" target=\"_blank\" rel=\"noreferrer noopener\"><span class=\"kt-btn-inner-text\">\u2794 Vous \u00eates une collectivit\u00e9<\/span><\/a><\/div><\/div>\n<\/div>\n\n\n\n<div class=\"wp-block-column\"><style id=\"kt-blocks_4bf229-55\">.kt-btns_4bf229-55 .kt-btn-wrap-0{margin-right:5px;}.rtl .kt-btns_4bf229-55 .kt-btn-wrap-0{margin-left:5px;margin-right:0px;}.wp-block-kadence-advancedbtn.kt-btns_4bf229-55 .kt-btn-wrap-0 .kt-button{color:#fff;background:#5daca7;border-color:#5daca7;}.wp-block-kadence-advancedbtn.kt-btns_4bf229-55 .kt-btn-wrap-0 .kt-button:hover, .wp-block-kadence-advancedbtn.kt-btns_4bf229-55 .kt-btn-wrap-0 .kt-button:focus{color:#ffffff;border-color:#444444;}.wp-block-kadence-advancedbtn.kt-btns_4bf229-55 .kt-btn-wrap-0 .kt-button::before{display:none;}.wp-block-kadence-advancedbtn.kt-btns_4bf229-55 .kt-btn-wrap-0 .kt-button:hover, .wp-block-kadence-advancedbtn.kt-btns_4bf229-55 .kt-btn-wrap-0 .kt-button:focus{background:#444444;}<\/style>\n<div class=\"wp-block-kadence-advancedbtn kt-btn-align-center kt-btn-tablet-align-inherit kt-btn-mobile-align-inherit kt-btns-wrap kt-btns_4bf229-55\"><div class=\"kt-btn-wrap kt-btn-wrap-0\"><a class=\"kt-button button kt-btn-0-action kt-btn-size-standard kt-btn-style-basic kt-btn-svg-show-always kt-btn-has-text-true kt-btn-has-svg-false\" download href=\"https:\/\/www.caue19.fr\/news\/wp-content\/uploads\/2026\/01\/cotisation-autres-2026.pdf\" target=\"_blank\" rel=\"noreferrer noopener\"><span class=\"kt-btn-inner-text\">\u2794 Vous \u00eates une personne physique ou morale<\/span><\/a><\/div><\/div>\n<\/div>\n<\/div>\n\n\n\n<p><\/p>\n","protected":false},"excerpt":{"rendered":"<p>Adh\u00e9rer au CAUE de la Corr\u00e8ze, c\u2019est pour vous la possibilit\u00e9 : de participer \u00e0 la vie de l\u2019association en devenant membre de l\u2019Assembl\u00e9e g\u00e9n\u00e9rale, de solliciter le conseil d\u2019architectes et de paysagiste pour vous conseiller dans la d\u00e9finition de &hellip; <a href=\"https:\/\/www.caue19.fr\/news\/adherer-au-caue-de-la-correze\/\">Lire la suite\u00ad\u00ad<\/a><\/p>\n","protected":false},"author":1,"featured_media":0,"parent":0,"menu_order":0,"comment_status":"closed","ping_status":"closed","template":"","meta":{"kt_blocks_editor_width":""},"_links":{"self":[{"href":"https:\/\/www.caue19.fr\/news\/wp-json\/wp\/v2\/pages\/943"}],"collection":[{"href":"https:\/\/www.caue19.fr\/news\/wp-json\/wp\/v2\/pages"}],"about":[{"href":"https:\/\/www.caue19.fr\/news\/wp-json\/wp\/v2\/types\/page"}],"author":[{"embeddable":true,"href":"https:\/\/www.caue19.fr\/news\/wp-json\/wp\/v2\/users\/1"}],"replies":[{"embeddable":true,"href":"https:\/\/www.caue19.fr\/news\/wp-json\/wp\/v2\/comments?post=943"}],"version-history":[{"count":27,"href":"https:\/\/www.caue19.fr\/news\/wp-json\/wp\/v2\/pages\/943\/revisions"}],"predecessor-version":[{"id":2508,"href":"https:\/\/www.caue19.fr\/news\/wp-json\/wp\/v2\/pages\/943\/revisions\/2508"}],"wp:attachment":[{"href":"https:\/\/www.caue19.fr\/news\/wp-json\/wp\/v2\/media?parent=943"}],"curies":[{"name":"wp","href":"https:\/\/api.w.org\/{rel}","templated":true}]}}