{"id":966,"date":"2021-11-17T02:37:27","date_gmt":"2021-11-17T01:37:27","guid":{"rendered":"https:\/\/www.caue19.fr\/news\/?page_id=966"},"modified":"2022-05-12T11:15:20","modified_gmt":"2022-05-12T09:15:20","slug":"rapports-dactivite","status":"publish","type":"page","link":"https:\/\/www.caue19.fr\/news\/ressources\/rapports-dactivite\/","title":{"rendered":"Rapports d&rsquo;activit\u00e9"},"content":{"rendered":"<style id=\"kt-blocks_a5830c-ef\">#kt-info-box_a5830c-ef .kt-blocks-info-box-link-wrap{border-color:#fff;border-radius:20px;background:#ffffff;padding-top:24px;padding-right:24px;padding-bottom:24px;padding-left:24px;border-top-width:5px;border-right-width:5px;border-bottom-width:5px;border-left-width:5px;}#kt-info-box_a5830c-ef .kt-blocks-info-box-link-wrap:hover{border-color:#fff;background:#ffffff;}#kt-info-box_a5830c-ef .kt-info-svg-icon, #kt-info-box_a5830c-ef .kt-info-svg-icon-flip, #kt-info-box_a5830c-ef .kt-blocks-info-box-number{font-size:40px;}#kt-info-box_a5830c-ef .kt-blocks-info-box-media{color:#444;background:#ffffff;border-color:#fff;border-radius:200px;border-top-width:5px;border-right-width:5px;border-bottom-width:5px;border-left-width:5px;padding-top:20px;padding-right:20px;padding-bottom:20px;padding-left:20px;margin-top:0px;margin-right:20px;margin-bottom:0px;margin-left:0px;}#kt-info-box_a5830c-ef .kt-blocks-info-box-media .kadence-info-box-image-intrisic:not(.kb-info-box-image-ratio) img{border-radius:200px;}#kt-info-box_a5830c-ef .kt-blocks-info-box-link-wrap:hover .kt-blocks-info-box-media{color:#444444;background:#ffffff;border-color:#fff;}#kt-info-box_a5830c-ef .kt-blocks-info-box-title{text-transform:none;padding-top:0px;padding-right:0px;padding-bottom:0px;padding-left:0px;margin-top:5px;margin-right:0px;margin-bottom:10px;margin-left:0px;}#kt-info-box_a5830c-ef .kt-blocks-info-box-learnmore{background:transparent;border-color:#555555;border-width:0px 0px 0px 0px;padding:4px 8px 4px 8px;margin:10px 0px 10px 0px;}#kt-info-box_a5830c-ef .kt-blocks-info-box-link-wrap:hover .kt-blocks-info-box-learnmore{color:#ffffff;background:#444444;border-color:#444444;}<\/style>\n<div id=\"kt-info-box_a5830c-ef\" class=\"wp-block-kadence-infobox\"><div class=\"kt-blocks-info-box-link-wrap kt-blocks-info-box-media-align-left kt-info-halign-left\"><div class=\"kt-blocks-info-box-media-container\"><div class=\"kt-blocks-info-box-media kt-info-media-animate-none\"><div class=\"kadence-info-box-icon-container kt-info-icon-animate-none\"><div class=\"kadence-info-box-icon-inner-container\"><span style=\"display:block;justify-content:center;align-items:center\" class=\"kt-info-svg-icon kt-info-svg-icon-fe_layers\"><svg style=\"display:inline-block;vertical-align:middle\" viewbox=\"0 0 24 24\" height=\"40\" width=\"40\" fill=\"none\" stroke=\"currentColor\" xmlns=\"http:\/\/www.w3.org\/2000\/svg\" stroke-width=\"1.5\" stroke-linecap=\"round\" stroke-linejoin=\"round\" aria-hidden=\"true\"><polygon points=\"12 2 2 7 12 12 22 7 12 2\"><\/polygon><polyline points=\"2 17 12 22 22 17\"><\/polyline><polyline points=\"2 12 12 17 22 12\"><\/polyline><\/svg><\/span><\/div><\/div><\/div><\/div><div class=\"kt-infobox-textcontent\"><h1 class=\"kt-blocks-info-box-title\">Rapports d&rsquo;activit\u00e9<\/h1><p class=\"kt-blocks-info-box-text\"> Consultez l&rsquo;activit\u00e9 du CAUE ann\u00e9e apr\u00e8s ann\u00e9e <\/p><\/div><\/div><\/div>\n\n\n<div class=\"wp-block-kadence-posts kb-posts kb-posts-id-_2bfb2e-f0 content-wrap grid-cols kb-posts-style-boxed grid-sm-col-1 grid-lg-col-1 item-image-style-beside\"><article class=\"entry content-bg loop-entry post-2456 portfolio type-portfolio status-publish has-post-thumbnail hentry portfolio-type-rapports-dactivite\">\n\t\t\t<a class=\"post-thumbnail kadence-thumbnail-ratio-1-1\" href=\"https:\/\/www.caue19.fr\/news\/portfolio\/rapport-dactivite-2024\/\">\n\t\t\t<div class=\"post-thumbnail-inner\">\n\t\t\t\t<img width=\"746\" height=\"1058\" src=\"https:\/\/www.caue19.fr\/news\/wp-content\/uploads\/2025\/09\/RA2024-compresse\u0301-glisse\u0301s-pdf.jpg\" class=\"attachment-medium_large size-medium_large wp-post-image\" alt=\"Rapport d\u2019activit\u00e9 2024\" loading=\"lazy\" \/>\t\t\t<\/div>\n\t\t<\/a><!-- .post-thumbnail -->\n\t\t\t<div class=\"entry-content-wrap\">\n\t\t<header class=\"entry-header\">\n\t<h3 class=\"entry-title\"><a href=\"https:\/\/www.caue19.fr\/news\/portfolio\/rapport-dactivite-2024\/\" rel=\"bookmark\">Rapport d\u2019activit\u00e9 2024<\/a><\/h3>\t<div class=\"entry-meta entry-meta-divider-dot\">\n\t<span class=\"posted-by\"><span class=\"meta-label\">par<\/span><span class=\"author vcard\"><span class=\"fn n\">Sabrina Agnoux<\/span><\/span><\/span>\t\t\t<span class=\"posted-on\">\n\t\t\t\t<span class=\"meta-label\">publi\u00e9 le<\/span><time class=\"entry-date published\" datetime=\"2025-09-08T16:56:09+02:00\">8 septembre 2025<\/time><time class=\"updated\" datetime=\"2025-09-08T17:00:25+02:00\">8 septembre 2025<\/time>\t\t\t<\/span>\n\t\t\t\t<\/div><!-- .entry-meta -->\n\t<\/header><!-- .entry-header -->\n\t<div class=\"entry-summary\">\n\t\t<p>L\u2019ann\u00e9e \u00e9coul\u00e9e a une nouvelle fois confirm\u00e9 l\u2019importance de notre mission au service des territoires. Dans un contexte marqu\u00e9 par des enjeux toujours plus complexes \u2013 performance \u00e9nerg\u00e9tique, coh\u00e9sion sociale, biodiversit\u00e9, sobri\u00e9t\u00e9 fonci\u00e8re \u2013 le CAUE a su rester un &hellip; <a href=\"https:\/\/www.caue19.fr\/news\/portfolio\/rapport-dactivite-2024\/\">Lire la suite\u00ad\u00ad<\/a><\/p>\n\t<\/div><!-- .entry-summary -->\n\t<footer class=\"entry-footer\">\n\t<\/footer><!-- .entry-footer -->\t<\/div>\n<\/article>\n<article class=\"entry content-bg loop-entry post-2277 portfolio type-portfolio status-publish has-post-thumbnail hentry portfolio-type-rapports-dactivite\">\n\t\t\t<a class=\"post-thumbnail kadence-thumbnail-ratio-1-1\" href=\"https:\/\/www.caue19.fr\/news\/portfolio\/rapport-dactivite-2023\/\">\n\t\t\t<div class=\"post-thumbnail-inner\">\n\t\t\t\t<img width=\"746\" height=\"1058\" src=\"https:\/\/www.caue19.fr\/news\/wp-content\/uploads\/2024\/07\/couv-RA23-2-pdf.jpg\" class=\"attachment-medium_large size-medium_large wp-post-image\" alt=\"Rapport d\u2019activit\u00e9 2023\" loading=\"lazy\" \/>\t\t\t<\/div>\n\t\t<\/a><!-- .post-thumbnail -->\n\t\t\t<div class=\"entry-content-wrap\">\n\t\t<header class=\"entry-header\">\n\t<h3 class=\"entry-title\"><a href=\"https:\/\/www.caue19.fr\/news\/portfolio\/rapport-dactivite-2023\/\" rel=\"bookmark\">Rapport d\u2019activit\u00e9 2023<\/a><\/h3>\t<div class=\"entry-meta entry-meta-divider-dot\">\n\t<span class=\"posted-by\"><span class=\"meta-label\">par<\/span><span class=\"author vcard\"><span class=\"fn n\">Sabrina Agnoux<\/span><\/span><\/span>\t\t\t<span class=\"posted-on\">\n\t\t\t\t<span class=\"meta-label\">publi\u00e9 le<\/span><time class=\"entry-date published\" datetime=\"2024-07-22T09:38:50+02:00\">22 juillet 2024<\/time><time class=\"updated\" datetime=\"2024-07-22T09:43:13+02:00\">22 juillet 2024<\/time>\t\t\t<\/span>\n\t\t\t\t<\/div><!-- .entry-meta -->\n\t<\/header><!-- .entry-header -->\n\t<div class=\"entry-summary\">\n\t\t<p>Ce rapport t\u00e9moigne de notre engagement continu \u00e0 promouvoir la qualit\u00e9 architecturale, paysag\u00e8re et environnementale dans notre d\u00e9partement, ainsi que nos actions pour accompagner les collectivit\u00e9s et les citoyens dans leurs projets.<\/p>\n\t<\/div><!-- .entry-summary -->\n\t<footer class=\"entry-footer\">\n\t<\/footer><!-- .entry-footer -->\t<\/div>\n<\/article>\n<article class=\"entry content-bg loop-entry post-2212 portfolio type-portfolio status-publish has-post-thumbnail hentry portfolio-type-rapports-dactivite\">\n\t\t\t<a class=\"post-thumbnail kadence-thumbnail-ratio-1-1\" href=\"https:\/\/www.caue19.fr\/news\/portfolio\/rapport-dactivite-2022\/\">\n\t\t\t<div class=\"post-thumbnail-inner\">\n\t\t\t\t<img width=\"746\" height=\"1058\" src=\"https:\/\/www.caue19.fr\/news\/wp-content\/uploads\/2023\/07\/Couv-RA-2022-1-pdf.jpg\" class=\"attachment-medium_large size-medium_large wp-post-image\" alt=\"Rapport d\u2019activit\u00e9 2022\" loading=\"lazy\" \/>\t\t\t<\/div>\n\t\t<\/a><!-- .post-thumbnail -->\n\t\t\t<div class=\"entry-content-wrap\">\n\t\t<header class=\"entry-header\">\n\t<h3 class=\"entry-title\"><a href=\"https:\/\/www.caue19.fr\/news\/portfolio\/rapport-dactivite-2022\/\" rel=\"bookmark\">Rapport d\u2019activit\u00e9 2022<\/a><\/h3>\t<div class=\"entry-meta entry-meta-divider-dot\">\n\t<span class=\"posted-by\"><span class=\"meta-label\">par<\/span><span class=\"author vcard\"><span class=\"fn n\">Sabrina Agnoux<\/span><\/span><\/span>\t\t\t<span class=\"posted-on\">\n\t\t\t\t<span class=\"meta-label\">publi\u00e9 le<\/span><time class=\"entry-date published\" datetime=\"2023-07-18T11:17:59+02:00\">18 juillet 2023<\/time><time class=\"updated\" datetime=\"2023-07-18T12:15:20+02:00\">18 juillet 2023<\/time>\t\t\t<\/span>\n\t\t\t\t<\/div><!-- .entry-meta -->\n\t<\/header><!-- .entry-header -->\n\t<div class=\"entry-summary\">\n\t\t<p>Le CAUE de la Corr\u00e8ze a connu, en 2022, une ann\u00e9e de transition. Le CAUE a d\u00e9velopp\u00e9 une offre de services o\u00f9 il accompagne les particuliers dans leur d\u00e9marche de construction et d\u2019am\u00e9nagement, il propose des formations et des outils &hellip; <a href=\"https:\/\/www.caue19.fr\/news\/portfolio\/rapport-dactivite-2022\/\">Lire la suite\u00ad\u00ad<\/a><\/p>\n\t<\/div><!-- .entry-summary -->\n\t<footer class=\"entry-footer\">\n\t<\/footer><!-- .entry-footer -->\t<\/div>\n<\/article>\n<article class=\"entry content-bg loop-entry post-2121 portfolio type-portfolio status-publish has-post-thumbnail hentry portfolio-type-rapports-dactivite\">\n\t\t\t<a class=\"post-thumbnail kadence-thumbnail-ratio-1-1\" href=\"https:\/\/www.caue19.fr\/news\/portfolio\/rapport-dactivite-2021\/\">\n\t\t\t<div class=\"post-thumbnail-inner\">\n\t\t\t\t<img width=\"768\" height=\"724\" src=\"https:\/\/www.caue19.fr\/news\/wp-content\/uploads\/2022\/07\/RA2021-compresse\u0301-glisse\u0301es-1-e1658761801903-768x724.jpg\" class=\"attachment-medium_large size-medium_large wp-post-image\" alt=\"Rapport d\u2019activit\u00e9 2021\" loading=\"lazy\" srcset=\"https:\/\/www.caue19.fr\/news\/wp-content\/uploads\/2022\/07\/RA2021-compresse\u0301-glisse\u0301es-1-e1658761801903-768x724.jpg 768w, https:\/\/www.caue19.fr\/news\/wp-content\/uploads\/2022\/07\/RA2021-compresse\u0301-glisse\u0301es-1-e1658761801903-300x283.jpg 300w, https:\/\/www.caue19.fr\/news\/wp-content\/uploads\/2022\/07\/RA2021-compresse\u0301-glisse\u0301es-1-e1658761801903-600x566.jpg 600w, https:\/\/www.caue19.fr\/news\/wp-content\/uploads\/2022\/07\/RA2021-compresse\u0301-glisse\u0301es-1-e1658761801903.jpg 874w\" sizes=\"(max-width: 768px) 100vw, 768px\" \/>\t\t\t<\/div>\n\t\t<\/a><!-- .post-thumbnail -->\n\t\t\t<div class=\"entry-content-wrap\">\n\t\t<header class=\"entry-header\">\n\t<h3 class=\"entry-title\"><a href=\"https:\/\/www.caue19.fr\/news\/portfolio\/rapport-dactivite-2021\/\" rel=\"bookmark\">Rapport d\u2019activit\u00e9 2021<\/a><\/h3>\t<div class=\"entry-meta entry-meta-divider-dot\">\n\t<span class=\"posted-by\"><span class=\"meta-label\">par<\/span><span class=\"author vcard\"><span class=\"fn n\">Sabrina Agnoux<\/span><\/span><\/span>\t\t\t<span class=\"posted-on\">\n\t\t\t\t<span class=\"meta-label\">publi\u00e9 le<\/span><time class=\"entry-date published\" datetime=\"2022-07-25T15:43:25+02:00\">25 juillet 2022<\/time><time class=\"updated\" datetime=\"2022-07-25T17:11:15+02:00\">25 juillet 2022<\/time>\t\t\t<\/span>\n\t\t\t\t<\/div><!-- .entry-meta -->\n\t<\/header><!-- .entry-header -->\n\t<div class=\"entry-summary\">\n\t\t<p>Le CAUE de la Corr\u00e8ze a connu, en 2021, une ann\u00e9e de passation, avec l\u2019arriv\u00e9e d\u2019une nouvelle architecte Margaux Simonin en d\u00e9but d\u2019ann\u00e9e pour pallier au d\u00e9part en retraite de l\u2019architecte conseill\u00e8re Catherine Deschamps qui a oeuvr\u00e9 pr\u00e8s de 30 &hellip; <a href=\"https:\/\/www.caue19.fr\/news\/portfolio\/rapport-dactivite-2021\/\">Lire la suite\u00ad\u00ad<\/a><\/p>\n\t<\/div><!-- .entry-summary -->\n\t<footer class=\"entry-footer\">\n\t<\/footer><!-- .entry-footer -->\t<\/div>\n<\/article>\n<article class=\"entry content-bg loop-entry post-1307 portfolio type-portfolio status-publish has-post-thumbnail hentry portfolio-type-rapports-dactivite\">\n\t\t\t<a class=\"post-thumbnail kadence-thumbnail-ratio-1-1\" href=\"https:\/\/www.caue19.fr\/news\/portfolio\/rapport-dactivite-2020\/\">\n\t\t\t<div class=\"post-thumbnail-inner\">\n\t\t\t\t<img width=\"625\" height=\"595\" src=\"https:\/\/www.caue19.fr\/news\/wp-content\/uploads\/2022\/01\/rapport-activite-2020.jpg\" class=\"attachment-medium_large size-medium_large wp-post-image\" alt=\"Rapport d\u2019activit\u00e9 2020\" loading=\"lazy\" srcset=\"https:\/\/www.caue19.fr\/news\/wp-content\/uploads\/2022\/01\/rapport-activite-2020.jpg 625w, https:\/\/www.caue19.fr\/news\/wp-content\/uploads\/2022\/01\/rapport-activite-2020-300x286.jpg 300w, https:\/\/www.caue19.fr\/news\/wp-content\/uploads\/2022\/01\/rapport-activite-2020-600x571.jpg 600w\" sizes=\"(max-width: 625px) 100vw, 625px\" \/>\t\t\t<\/div>\n\t\t<\/a><!-- .post-thumbnail -->\n\t\t\t<div class=\"entry-content-wrap\">\n\t\t<header class=\"entry-header\">\n\t<h3 class=\"entry-title\"><a href=\"https:\/\/www.caue19.fr\/news\/portfolio\/rapport-dactivite-2020\/\" rel=\"bookmark\">Rapport d\u2019activit\u00e9 2020<\/a><\/h3>\t<div class=\"entry-meta entry-meta-divider-dot\">\n\t<span class=\"posted-by\"><span class=\"meta-label\">par<\/span><span class=\"author vcard\"><span class=\"fn n\">CAUE 19<\/span><\/span><\/span>\t\t\t<span class=\"posted-on\">\n\t\t\t\t<span class=\"meta-label\">publi\u00e9 le<\/span><time class=\"entry-date published\" datetime=\"2020-12-31T14:46:00+01:00\">31 d\u00e9cembre 2020<\/time><time class=\"updated\" datetime=\"2022-01-26T14:46:51+01:00\">26 janvier 2022<\/time>\t\t\t<\/span>\n\t\t\t\t<\/div><!-- .entry-meta -->\n\t<\/header><!-- .entry-header -->\n\t<div class=\"entry-summary\">\n\t\t<p>Au CAUE, comme au sein de la plupart des associations, toutes les activit\u00e9s ayant \u00e9t\u00e9 bouscul\u00e9es par la pand\u00e9mie, l\u2019\u00e9quipe a su faire face \u00e0 cette situation in\u00e9dite, en urgence mais avec d\u00e9termination. Elle a su mettre en place une &hellip; <a href=\"https:\/\/www.caue19.fr\/news\/portfolio\/rapport-dactivite-2020\/\">Lire la suite\u00ad\u00ad<\/a><\/p>\n\t<\/div><!-- .entry-summary -->\n\t<footer class=\"entry-footer\">\n\t<\/footer><!-- .entry-footer -->\t<\/div>\n<\/article>\n<article class=\"entry content-bg loop-entry post-1304 portfolio type-portfolio status-publish has-post-thumbnail hentry portfolio-type-rapports-dactivite\">\n\t\t\t<a class=\"post-thumbnail kadence-thumbnail-ratio-1-1\" href=\"https:\/\/www.caue19.fr\/news\/portfolio\/rapport-dactivite-2019\/\">\n\t\t\t<div class=\"post-thumbnail-inner\">\n\t\t\t\t<img width=\"625\" height=\"595\" src=\"https:\/\/www.caue19.fr\/news\/wp-content\/uploads\/2022\/01\/rapport-activite-2019.jpg\" class=\"attachment-medium_large size-medium_large wp-post-image\" alt=\"Rapport d&rsquo;activit\u00e9 2019\" loading=\"lazy\" srcset=\"https:\/\/www.caue19.fr\/news\/wp-content\/uploads\/2022\/01\/rapport-activite-2019.jpg 625w, https:\/\/www.caue19.fr\/news\/wp-content\/uploads\/2022\/01\/rapport-activite-2019-300x286.jpg 300w, https:\/\/www.caue19.fr\/news\/wp-content\/uploads\/2022\/01\/rapport-activite-2019-600x571.jpg 600w\" sizes=\"(max-width: 625px) 100vw, 625px\" \/>\t\t\t<\/div>\n\t\t<\/a><!-- .post-thumbnail -->\n\t\t\t<div class=\"entry-content-wrap\">\n\t\t<header class=\"entry-header\">\n\t<h3 class=\"entry-title\"><a href=\"https:\/\/www.caue19.fr\/news\/portfolio\/rapport-dactivite-2019\/\" rel=\"bookmark\">Rapport d&rsquo;activit\u00e9 2019<\/a><\/h3>\t<div class=\"entry-meta entry-meta-divider-dot\">\n\t<span class=\"posted-by\"><span class=\"meta-label\">par<\/span><span class=\"author vcard\"><span class=\"fn n\">CAUE 19<\/span><\/span><\/span>\t\t\t<span class=\"posted-on\">\n\t\t\t\t<span class=\"meta-label\">publi\u00e9 le<\/span><time class=\"entry-date published\" datetime=\"2019-12-31T14:42:00+01:00\">31 d\u00e9cembre 2019<\/time><time class=\"updated\" datetime=\"2022-01-26T14:42:50+01:00\">26 janvier 2022<\/time>\t\t\t<\/span>\n\t\t\t\t<\/div><!-- .entry-meta -->\n\t<\/header><!-- .entry-header -->\n\t<div class=\"entry-summary\">\n\t\t<p>L\u2019ann\u00e9e 2019 est une ann\u00e9e symbole pour le CAUE de la Corr\u00e8ze, 40 ans d\u2019existence, 40 ans d\u2019actions et une fid\u00e9lit\u00e9 sans faille aux engagements qui nous portent et \u00e0 la r\u00e9alisation de nos missions historiques : le conseil aux &hellip; <a href=\"https:\/\/www.caue19.fr\/news\/portfolio\/rapport-dactivite-2019\/\">Lire la suite\u00ad\u00ad<\/a><\/p>\n\t<\/div><!-- .entry-summary -->\n\t<footer class=\"entry-footer\">\n\t<\/footer><!-- .entry-footer -->\t<\/div>\n<\/article>\n<article class=\"entry content-bg loop-entry post-1299 portfolio type-portfolio status-publish has-post-thumbnail hentry portfolio-type-rapports-dactivite\">\n\t\t\t<a class=\"post-thumbnail kadence-thumbnail-ratio-1-1\" href=\"https:\/\/www.caue19.fr\/news\/portfolio\/rapport-dactivite-2018\/\">\n\t\t\t<div class=\"post-thumbnail-inner\">\n\t\t\t\t<img width=\"625\" height=\"595\" src=\"https:\/\/www.caue19.fr\/news\/wp-content\/uploads\/2022\/01\/rapport-activite-2018.jpg\" class=\"attachment-medium_large size-medium_large wp-post-image\" alt=\"Rapport d&rsquo;activit\u00e9 2018\" loading=\"lazy\" srcset=\"https:\/\/www.caue19.fr\/news\/wp-content\/uploads\/2022\/01\/rapport-activite-2018.jpg 625w, https:\/\/www.caue19.fr\/news\/wp-content\/uploads\/2022\/01\/rapport-activite-2018-300x286.jpg 300w, https:\/\/www.caue19.fr\/news\/wp-content\/uploads\/2022\/01\/rapport-activite-2018-600x571.jpg 600w\" sizes=\"(max-width: 625px) 100vw, 625px\" \/>\t\t\t<\/div>\n\t\t<\/a><!-- .post-thumbnail -->\n\t\t\t<div class=\"entry-content-wrap\">\n\t\t<header class=\"entry-header\">\n\t<h3 class=\"entry-title\"><a href=\"https:\/\/www.caue19.fr\/news\/portfolio\/rapport-dactivite-2018\/\" rel=\"bookmark\">Rapport d&rsquo;activit\u00e9 2018<\/a><\/h3>\t<div class=\"entry-meta entry-meta-divider-dot\">\n\t<span class=\"posted-by\"><span class=\"meta-label\">par<\/span><span class=\"author vcard\"><span class=\"fn n\">CAUE 19<\/span><\/span><\/span>\t\t\t<span class=\"posted-on\">\n\t\t\t\t<span class=\"meta-label\">publi\u00e9 le<\/span><time class=\"entry-date published\" datetime=\"2018-12-31T14:37:00+01:00\">31 d\u00e9cembre 2018<\/time><time class=\"updated\" datetime=\"2022-01-26T14:38:46+01:00\">26 janvier 2022<\/time>\t\t\t<\/span>\n\t\t\t\t<\/div><!-- .entry-meta -->\n\t<\/header><!-- .entry-header -->\n\t<div class=\"entry-summary\">\n\t\t<p>Le CAUE de la Corr\u00e8ze a connu, en 2018, une ann\u00e9e de transition et de stabilisation, c\u2019est une \u00e9quipe soud\u00e9e qui a assur\u00e9 le fonctionnement de cette structure, malgr\u00e9 le d\u00e9part impr\u00e9vu de son directeur, vers une carri\u00e8re prometteuse.<\/p>\n\t<\/div><!-- .entry-summary -->\n\t<footer class=\"entry-footer\">\n\t<\/footer><!-- .entry-footer -->\t<\/div>\n<\/article>\n<article class=\"entry content-bg loop-entry post-1310 portfolio type-portfolio status-publish has-post-thumbnail hentry portfolio-type-rapports-dactivite\">\n\t\t\t<a class=\"post-thumbnail kadence-thumbnail-ratio-1-1\" href=\"https:\/\/www.caue19.fr\/news\/portfolio\/rapport-dactivite-2017\/\">\n\t\t\t<div class=\"post-thumbnail-inner\">\n\t\t\t\t<img width=\"608\" height=\"546\" src=\"https:\/\/www.caue19.fr\/news\/wp-content\/uploads\/2022\/01\/rapport-activite-2017.jpg\" class=\"attachment-medium_large size-medium_large wp-post-image\" alt=\"Rapport d\u2019activit\u00e9 2017\" loading=\"lazy\" srcset=\"https:\/\/www.caue19.fr\/news\/wp-content\/uploads\/2022\/01\/rapport-activite-2017.jpg 608w, https:\/\/www.caue19.fr\/news\/wp-content\/uploads\/2022\/01\/rapport-activite-2017-300x269.jpg 300w, https:\/\/www.caue19.fr\/news\/wp-content\/uploads\/2022\/01\/rapport-activite-2017-600x539.jpg 600w\" sizes=\"(max-width: 608px) 100vw, 608px\" \/>\t\t\t<\/div>\n\t\t<\/a><!-- .post-thumbnail -->\n\t\t\t<div class=\"entry-content-wrap\">\n\t\t<header class=\"entry-header\">\n\t<h3 class=\"entry-title\"><a href=\"https:\/\/www.caue19.fr\/news\/portfolio\/rapport-dactivite-2017\/\" rel=\"bookmark\">Rapport d\u2019activit\u00e9 2017<\/a><\/h3>\t<div class=\"entry-meta entry-meta-divider-dot\">\n\t<span class=\"posted-by\"><span class=\"meta-label\">par<\/span><span class=\"author vcard\"><span class=\"fn n\">CAUE 19<\/span><\/span><\/span>\t\t\t<span class=\"posted-on\">\n\t\t\t\t<span class=\"meta-label\">publi\u00e9 le<\/span><time class=\"entry-date published\" datetime=\"2017-12-31T14:50:00+01:00\">31 d\u00e9cembre 2017<\/time><time class=\"updated\" datetime=\"2022-01-26T14:50:43+01:00\">26 janvier 2022<\/time>\t\t\t<\/span>\n\t\t\t\t<\/div><!-- .entry-meta -->\n\t<\/header><!-- .entry-header -->\n\t<div class=\"entry-summary\">\n\t\t<p>Le nouveau d\u00e9coupage et la nouvelle organisation des R\u00e9gions de France, voient les CAUE s\u2019ouvrir sur de nouveaux espaces, de nouvelles pratiques. Le CAUE est int\u00e9gr\u00e9, depuis 2016, \u00e0 l\u2019Union R\u00e9gionale des Conseils d\u2019Architecture, d\u2019Urbanisme et d\u2019Environnement de la Nouvelle &hellip; <a href=\"https:\/\/www.caue19.fr\/news\/portfolio\/rapport-dactivite-2017\/\">Lire la suite\u00ad\u00ad<\/a><\/p>\n\t<\/div><!-- .entry-summary -->\n\t<footer class=\"entry-footer\">\n\t<\/footer><!-- .entry-footer -->\t<\/div>\n<\/article>\n<article class=\"entry content-bg loop-entry post-1313 portfolio type-portfolio status-publish has-post-thumbnail hentry portfolio-type-rapports-dactivite\">\n\t\t\t<a class=\"post-thumbnail kadence-thumbnail-ratio-1-1\" href=\"https:\/\/www.caue19.fr\/news\/portfolio\/rapport-dactivite-2016\/\">\n\t\t\t<div class=\"post-thumbnail-inner\">\n\t\t\t\t<img width=\"599\" height=\"568\" src=\"https:\/\/www.caue19.fr\/news\/wp-content\/uploads\/2022\/01\/rapport-activite-2016.jpg\" class=\"attachment-medium_large size-medium_large wp-post-image\" alt=\"Rapport d\u2019activit\u00e9 2016\" loading=\"lazy\" srcset=\"https:\/\/www.caue19.fr\/news\/wp-content\/uploads\/2022\/01\/rapport-activite-2016.jpg 599w, https:\/\/www.caue19.fr\/news\/wp-content\/uploads\/2022\/01\/rapport-activite-2016-300x284.jpg 300w\" sizes=\"(max-width: 599px) 100vw, 599px\" \/>\t\t\t<\/div>\n\t\t<\/a><!-- .post-thumbnail -->\n\t\t\t<div class=\"entry-content-wrap\">\n\t\t<header class=\"entry-header\">\n\t<h3 class=\"entry-title\"><a href=\"https:\/\/www.caue19.fr\/news\/portfolio\/rapport-dactivite-2016\/\" rel=\"bookmark\">Rapport d\u2019activit\u00e9 2016<\/a><\/h3>\t<div class=\"entry-meta entry-meta-divider-dot\">\n\t<span class=\"posted-by\"><span class=\"meta-label\">par<\/span><span class=\"author vcard\"><span class=\"fn n\">CAUE 19<\/span><\/span><\/span>\t\t\t<span class=\"posted-on\">\n\t\t\t\t<span class=\"meta-label\">publi\u00e9 le<\/span><time class=\"entry-date published\" datetime=\"2016-12-31T14:54:00+01:00\">31 d\u00e9cembre 2016<\/time><time class=\"updated\" datetime=\"2022-01-26T14:54:53+01:00\">26 janvier 2022<\/time>\t\t\t<\/span>\n\t\t\t\t<\/div><!-- .entry-meta -->\n\t<\/header><!-- .entry-header -->\n\t<div class=\"entry-summary\">\n\t\t<p>Un CAUE engag\u00e9 dans le XXI\u00e8me si\u00e8cle.C\u2019est avec satisfaction et un grand int\u00e9r\u00eat que j\u2019assure la pr\u00e9sidence du CAUE depuis le mois de juin 2015. Le monde change et vit une p\u00e9riode de mutations historiques. le Moyen\u00c2ge a v\u00e9cu le &hellip; <a href=\"https:\/\/www.caue19.fr\/news\/portfolio\/rapport-dactivite-2016\/\">Lire la suite\u00ad\u00ad<\/a><\/p>\n\t<\/div><!-- .entry-summary -->\n\t<footer class=\"entry-footer\">\n\t<\/footer><!-- .entry-footer -->\t<\/div>\n<\/article>\n<\/div>","protected":false},"excerpt":{"rendered":"","protected":false},"author":1,"featured_media":0,"parent":38,"menu_order":0,"comment_status":"closed","ping_status":"closed","template":"","meta":{"kt_blocks_editor_width":""},"_links":{"self":[{"href":"https:\/\/www.caue19.fr\/news\/wp-json\/wp\/v2\/pages\/966"}],"collection":[{"href":"https:\/\/www.caue19.fr\/news\/wp-json\/wp\/v2\/pages"}],"about":[{"href":"https:\/\/www.caue19.fr\/news\/wp-json\/wp\/v2\/types\/page"}],"author":[{"embeddable":true,"href":"https:\/\/www.caue19.fr\/news\/wp-json\/wp\/v2\/users\/1"}],"replies":[{"embeddable":true,"href":"https:\/\/www.caue19.fr\/news\/wp-json\/wp\/v2\/comments?post=966"}],"version-history":[{"count":9,"href":"https:\/\/www.caue19.fr\/news\/wp-json\/wp\/v2\/pages\/966\/revisions"}],"predecessor-version":[{"id":2036,"href":"https:\/\/www.caue19.fr\/news\/wp-json\/wp\/v2\/pages\/966\/revisions\/2036"}],"up":[{"embeddable":true,"href":"https:\/\/www.caue19.fr\/news\/wp-json\/wp\/v2\/pages\/38"}],"wp:attachment":[{"href":"https:\/\/www.caue19.fr\/news\/wp-json\/wp\/v2\/media?parent=966"}],"curies":[{"name":"wp","href":"https:\/\/api.w.org\/{rel}","templated":true}]}}